{"id":952,"date":"2016-12-13T09:02:26","date_gmt":"2016-12-13T08:02:26","guid":{"rendered":"http:\/\/www.ortho-info.com\/?page_id=952"},"modified":"2016-12-13T09:08:25","modified_gmt":"2016-12-13T08:08:25","slug":"rupture-du-moyen-fessier","status":"publish","type":"page","link":"https:\/\/www.ortho-info.com\/?page_id=952","title":{"rendered":"Rupture du moyen fessier"},"content":{"rendered":"<p>La rupture du tendon du moyen fessier (<em>Gluteus medius<\/em>), muscle principal de la hanche, est une pathologie m\u00e9connue, entrant dans le cadre du \u00ab\u00a0Syndrome Douloureux du Grand Trochanter\u00a0\u00bb = SDGT.<\/p>\n<p>Elle est tr\u00e8s souvent diagnostiqu\u00e9e comme une \u00ab\u00a0tendinite\u00a0\u00bb ou une \u00ab\u00a0bursite\u00a0\u00bb. Il s&rsquo;agit en r\u00e9alit\u00e9 d&rsquo;une d\u00e9chirure du tendon, qui ne peut pas cicatriser spontan\u00e9ment sans geste r\u00e9parateur.<\/p>\n<p>Le diagnostic est clinique: douleur du grand trochanter, exacerb\u00e9e en appui monopodal, et lors de la contraction contrari\u00e9e du moyen fessier en abduction de hanche. les examens compl\u00e9mentaires, et notamment l&rsquo;IRM sont souvent assez flous et confondants, et n\u00e9cessitent une analyse soigneuse des coupes natives sur le CDROM avec un logiciel appropri\u00e9.<\/p>\n<p>Le traitement m\u00e9dial est toujours r\u00e9alis\u00e9 en premi\u00e8re intention: antalgiques, physioth\u00e9rapie, infiltrations&#8230; En cas d&rsquo;inefficacit\u00e9 on propose une r\u00e9paration chirurgicale du tendon rompu. la proc\u00e9dure la plus innovante consiste \u00e0 les r\u00e9parer par arthroscopie, comme on sait tr\u00e8s bien le faire couramment \u00e0 l&rsquo;\u00e9paule.<\/p>\n<p><iframe loading=\"lazy\" src=\"https:\/\/www.youtube.com\/embed\/ArvB_rEczx0\" width=\"560\" height=\"315\" frameborder=\"0\" allowfullscreen=\"allowfullscreen\"><\/iframe><\/p>\n","protected":false},"excerpt":{"rendered":"<p>La rupture du tendon du moyen fessier (Gluteus medius), muscle principal de la hanche, est une pathologie m\u00e9connue, entrant dans le cadre du \u00ab\u00a0Syndrome Douloureux du Grand Trochanter\u00a0\u00bb = SDGT. Elle est tr\u00e8s souvent diagnostiqu\u00e9e comme une \u00ab\u00a0tendinite\u00a0\u00bb ou une \u00ab\u00a0bursite\u00a0\u00bb. Il s&rsquo;agit en r\u00e9alit\u00e9 d&rsquo;une d\u00e9chirure du tendon, qui ne peut pas cicatriser spontan\u00e9ment &#8230; <a title=\"Rupture du moyen fessier\" class=\"read-more\" href=\"https:\/\/www.ortho-info.com\/?page_id=952\" aria-label=\"En savoir plus sur Rupture du moyen fessier\">Lire la suite<\/a><\/p>\n","protected":false},"author":1,"featured_media":0,"parent":35,"menu_order":0,"comment_status":"closed","ping_status":"closed","template":"","meta":{"footnotes":""},"class_list":["post-952","page","type-page","status-publish"],"_links":{"self":[{"href":"https:\/\/www.ortho-info.com\/index.php?rest_route=\/wp\/v2\/pages\/952","targetHints":{"allow":["GET"]}}],"collection":[{"href":"https:\/\/www.ortho-info.com\/index.php?rest_route=\/wp\/v2\/pages"}],"about":[{"href":"https:\/\/www.ortho-info.com\/index.php?rest_route=\/wp\/v2\/types\/page"}],"author":[{"embeddable":true,"href":"https:\/\/www.ortho-info.com\/index.php?rest_route=\/wp\/v2\/users\/1"}],"replies":[{"embeddable":true,"href":"https:\/\/www.ortho-info.com\/index.php?rest_route=%2Fwp%2Fv2%2Fcomments&post=952"}],"version-history":[{"count":4,"href":"https:\/\/www.ortho-info.com\/index.php?rest_route=\/wp\/v2\/pages\/952\/revisions"}],"predecessor-version":[{"id":957,"href":"https:\/\/www.ortho-info.com\/index.php?rest_route=\/wp\/v2\/pages\/952\/revisions\/957"}],"up":[{"embeddable":true,"href":"https:\/\/www.ortho-info.com\/index.php?rest_route=\/wp\/v2\/pages\/35"}],"wp:attachment":[{"href":"https:\/\/www.ortho-info.com\/index.php?rest_route=%2Fwp%2Fv2%2Fmedia&parent=952"}],"curies":[{"name":"wp","href":"https:\/\/api.w.org\/{rel}","templated":true}]}}