{"id":486,"date":"2015-07-12T14:00:58","date_gmt":"2015-07-12T13:00:58","guid":{"rendered":"http:\/\/www.ortho-info.com\/?page_id=486"},"modified":"2023-05-16T12:00:05","modified_gmt":"2023-05-16T11:00:05","slug":"page-index","status":"publish","type":"page","link":"https:\/\/www.ortho-info.com\/","title":{"rendered":""},"content":{"rendered":"<p>Vous \u00eates au Centre Chirurgical De L&rsquo;ARTHROSE.<br \/>\nNous prenons en charge vos douleurs articulaires de la Hanche, de Genou ou de l&rsquo;\u00c9paule, du diagnostic jusqu&rsquo;\u00e0 votre gu\u00e9rison compl\u00e8te, en ayant pour objectifs:<\/p>\n<ul>\n<li>une hospitalisation minimale: toutes nos interventions sont r\u00e9alisables en ambulatoire, ou tout au plus ne n\u00e9cessitent qu&rsquo;une nuit d&rsquo;hospitalisation;<\/li>\n<li>une convalescence simplifi\u00e9e, sans centre de r\u00e9\u00e9ducation, sans cabinet de kin\u00e9sith\u00e9rapie;<\/li>\n<li>une r\u00e9cup\u00e9ration rapide vers la reprise des sports, loisirs et activit\u00e9s professionnelles.<\/li>\n<\/ul>\n<p style=\"text-align: center;\">Prenez rendez-vous par t\u00e9l\u00e9phone :<br \/>\n<span style=\"color: #ff0000;\"><a href=\"tel:0490513146\"><strong>04 90 51 31 46<\/strong><\/a><\/span><br \/>\nconsultations \u00e0 Orange et \u00e0 Bagnols-sur-C\u00e8ze<\/p>\n","protected":false},"excerpt":{"rendered":"<p>Vous \u00eates au Centre Chirurgical De L&rsquo;ARTHROSE. Nous prenons en charge vos douleurs articulaires de la Hanche, de Genou ou de l&rsquo;\u00c9paule, du diagnostic jusqu&rsquo;\u00e0 votre gu\u00e9rison compl\u00e8te, en ayant pour objectifs: une hospitalisation minimale: toutes nos interventions sont r\u00e9alisables en ambulatoire, ou tout au plus ne n\u00e9cessitent qu&rsquo;une nuit d&rsquo;hospitalisation; une convalescence simplifi\u00e9e, sans &#8230; <a title=\"\" class=\"read-more\" href=\"https:\/\/www.ortho-info.com\/\" aria-label=\"En savoir plus sur \">Lire la suite<\/a><\/p>\n","protected":false},"author":1,"featured_media":0,"parent":0,"menu_order":0,"comment_status":"closed","ping_status":"open","template":"","meta":{"footnotes":""},"class_list":["post-486","page","type-page","status-publish"],"_links":{"self":[{"href":"https:\/\/www.ortho-info.com\/index.php?rest_route=\/wp\/v2\/pages\/486","targetHints":{"allow":["GET"]}}],"collection":[{"href":"https:\/\/www.ortho-info.com\/index.php?rest_route=\/wp\/v2\/pages"}],"about":[{"href":"https:\/\/www.ortho-info.com\/index.php?rest_route=\/wp\/v2\/types\/page"}],"author":[{"embeddable":true,"href":"https:\/\/www.ortho-info.com\/index.php?rest_route=\/wp\/v2\/users\/1"}],"replies":[{"embeddable":true,"href":"https:\/\/www.ortho-info.com\/index.php?rest_route=%2Fwp%2Fv2%2Fcomments&post=486"}],"version-history":[{"count":46,"href":"https:\/\/www.ortho-info.com\/index.php?rest_route=\/wp\/v2\/pages\/486\/revisions"}],"predecessor-version":[{"id":1643,"href":"https:\/\/www.ortho-info.com\/index.php?rest_route=\/wp\/v2\/pages\/486\/revisions\/1643"}],"wp:attachment":[{"href":"https:\/\/www.ortho-info.com\/index.php?rest_route=%2Fwp%2Fv2%2Fmedia&parent=486"}],"curies":[{"name":"wp","href":"https:\/\/api.w.org\/{rel}","templated":true}]}}