{"id":269,"date":"2015-07-12T08:55:51","date_gmt":"2015-07-12T07:55:51","guid":{"rendered":"http:\/\/www.ortho-info.com\/?page_id=269"},"modified":"2023-05-03T08:51:30","modified_gmt":"2023-05-03T07:51:30","slug":"canal-carpien-sous-endoscopie","status":"publish","type":"page","link":"https:\/\/www.ortho-info.com\/?page_id=269","title":{"rendered":"canal carpien"},"content":{"rendered":"\n<p>Le syndrome su canal carpien correspond \u00e0 la compression d&rsquo;un nerf \u00e0 son passage au poignet. Il se traduit par des sensations de fourmis dans les doigts, au d\u00e9but la nuit, et ensuite permanentes. On perd peu \u00e0 peu le sensation tactile du bout des doigts, et on peut l\u00e2cher des objets qu&rsquo;on croyait tenir fermement.<\/p>\n\n\n\n<p>Quand les sympt\u00f4mes durent depuis plusieurs mois, il est temps de se faire op\u00e9rer: l&rsquo;intervention consiste \u00e0 lib\u00e9rer le nerf coinc\u00e9 au poignet par une petite incision de 2 cm sur la paume de la main.<\/p>\n\n\n\n<p>Le suites sont simples:<\/p>\n\n\n\n<ul class=\"wp-block-list\">\n<li>chirurgie ambulatoire dans tous les cas;<\/li>\n\n\n\n<li>aucun r\u00e9\u00e9ducation n&rsquo;est n\u00e9cessaire;<\/li>\n\n\n\n<li>conduite automobile d\u00e8s le lendemain de l&rsquo;intervention;<\/li>\n\n\n\n<li>arr\u00eat de travail de 1 \u00e0 30 jours suivant la profession exerc\u00e9e;<\/li>\n\n\n\n<li>reprise de tous les sports sans restriction de 15 \u00e0 30 jours suivant le sport pratiqu\u00e9.<\/li>\n<\/ul>\n\n\n<p style=\"text-align: right;\"><em>Dr Jean-Louis MALLET<\/em><\/p>\n<p style=\"text-align: center;\">Prenez rendez-vous par t\u00e9l\u00e9phone :<br>\n<span style=\"color: #ff0000;\"><a href=\"tel:0490513146\"><strong>04 90 51 31 46<\/strong><\/a><\/span><br>\nconsultations \u00e0 Orange <br>et \u00e0 Bagnols-sur-C\u00e8ze<\/p>","protected":false},"excerpt":{"rendered":"<p>Le syndrome su canal carpien correspond \u00e0 la compression d&rsquo;un nerf \u00e0 son passage au poignet. Il se traduit par des sensations de fourmis dans les doigts, au d\u00e9but la nuit, et ensuite permanentes. On perd peu \u00e0 peu le sensation tactile du bout des doigts, et on peut l\u00e2cher des objets qu&rsquo;on croyait tenir &#8230; <a title=\"canal carpien\" class=\"read-more\" href=\"https:\/\/www.ortho-info.com\/?page_id=269\" aria-label=\"En savoir plus sur canal carpien\">Lire la suite<\/a><\/p>\n","protected":false},"author":1,"featured_media":0,"parent":44,"menu_order":0,"comment_status":"closed","ping_status":"open","template":"","meta":{"footnotes":""},"class_list":["post-269","page","type-page","status-publish"],"_links":{"self":[{"href":"https:\/\/www.ortho-info.com\/index.php?rest_route=\/wp\/v2\/pages\/269","targetHints":{"allow":["GET"]}}],"collection":[{"href":"https:\/\/www.ortho-info.com\/index.php?rest_route=\/wp\/v2\/pages"}],"about":[{"href":"https:\/\/www.ortho-info.com\/index.php?rest_route=\/wp\/v2\/types\/page"}],"author":[{"embeddable":true,"href":"https:\/\/www.ortho-info.com\/index.php?rest_route=\/wp\/v2\/users\/1"}],"replies":[{"embeddable":true,"href":"https:\/\/www.ortho-info.com\/index.php?rest_route=%2Fwp%2Fv2%2Fcomments&post=269"}],"version-history":[{"count":16,"href":"https:\/\/www.ortho-info.com\/index.php?rest_route=\/wp\/v2\/pages\/269\/revisions"}],"predecessor-version":[{"id":1591,"href":"https:\/\/www.ortho-info.com\/index.php?rest_route=\/wp\/v2\/pages\/269\/revisions\/1591"}],"up":[{"embeddable":true,"href":"https:\/\/www.ortho-info.com\/index.php?rest_route=\/wp\/v2\/pages\/44"}],"wp:attachment":[{"href":"https:\/\/www.ortho-info.com\/index.php?rest_route=%2Fwp%2Fv2%2Fmedia&parent=269"}],"curies":[{"name":"wp","href":"https:\/\/api.w.org\/{rel}","templated":true}]}}