{"id":257,"date":"2015-07-12T08:54:06","date_gmt":"2015-07-12T07:54:06","guid":{"rendered":"http:\/\/www.ortho-info.com\/?page_id=257"},"modified":"2026-03-10T21:29:31","modified_gmt":"2026-03-10T20:29:31","slug":"prothese-totale-de-hanche-generalites","status":"publish","type":"page","link":"https:\/\/www.ortho-info.com\/?page_id=257","title":{"rendered":"La Proth\u00e8se de Hanche"},"content":{"rendered":"<p>Les douleurs de la hanche sont le plus souvent caus\u00e9es par la coxarthrose, c&rsquo;est \u00e0 dire l&rsquo;usure des surfaces cartilagineuses de la hanche. Elles sont progressivement de plus en plus invalidantes, pr\u00e9sentes de jour comme de nuit, et limitent peu \u00e0 peu les activit\u00e9s sportives, professionnelles ou de loisir. A terme, il devient p\u00e9nible voire impossible de lacer ses chaussures ou se couper les ongles de pied.<\/p>\n<p>Il est alors temps de prendre la d\u00e9cision de se faire poser une proth\u00e8se de hanche.<\/p>\n<p>L&rsquo;intervention et ses suites sont beaucoup plus simples que vous ne le pensez:<\/p>\n<ul>\n<li>dur\u00e9e d&rsquo;hospitalisation d&rsquo;une nuit maximum, et retour \u00e0 domicile d\u00e8s le lendemain de l&rsquo;intervention;<\/li>\n<li>strictement aucune r\u00e9\u00e9ducation n&rsquo;est n\u00e9cessaire;<\/li>\n<li>marche avec appui complet et possibilit\u00e9 de monter et descendre les escaliers seul et sans aide d\u00e8s le lendemain de l&rsquo;intervention;<\/li>\n<li>conduite automobile 15 jours apr\u00e8s l&rsquo;op\u00e9ration;<\/li>\n<li>je reste personnellement joignable \u00e0 tout moment apr\u00e8s l&rsquo;op\u00e9ration, y compris le soir et les week end par mail pour r\u00e9pondre \u00e0 vos interrogations;<\/li>\n<li>reprise des sports et activit\u00e9s professionnelles de 1 \u00e0 4 mois suivant le cas;<\/li>\n<li>tr\u00e8s peu de sports sont interdits avec une proth\u00e8se de hanche;<\/li>\n<li>aucun reclassement professionnel n&rsquo;est imp\u00e9ratif avec une proth\u00e8se de hanche;<\/li>\n<li>dans 95% des cas la proth\u00e8se ne sera jamais chang\u00e9e, et vous la garderez \u00e0 vie.<\/li>\n<\/ul>\n<p style=\"text-align: right;\"><em>Dr Jean-Louis MALLET<\/em><\/p>\n<p style=\"text-align: center;\"><span style=\"color: #ff0000;\"><strong><a href=\"https:\/\/www.ortho-info.com\/wp-content\/uploads\/2026\/03\/fusion_2025_v016.pdf\" target=\"_blank\" rel=\"noopener noreferrer\">cliquez ICI pour t\u00e9l\u00e9charger mon<br \/>\ne-book gratuit sur la proth\u00e8se de hanche<\/a><\/strong><\/span><\/p>\n<p style=\"text-align: center;\">Prenez rendez-vous par t\u00e9l\u00e9phone :<br \/>\n<span style=\"color: #ff0000;\"><a href=\"tel:0490513146\"><strong>04 90 51 31 46<\/strong><\/a><\/span><br \/>\nconsultations \u00e0 Orange<br \/>\net \u00e0 Bagnols-sur-C\u00e8ze<\/p>\n<p style=\"text-align: center;\"><iframe loading=\"lazy\" title=\"YouTube video player\" src=\"https:\/\/www.youtube.com\/embed\/iHLeRskQsHU?rel=0\" width=\"560\" height=\"315\" frameborder=\"0\" allowfullscreen=\"allowfullscreen\"><\/iframe><\/p>\n","protected":false},"excerpt":{"rendered":"<p>Les douleurs de la hanche sont le plus souvent caus\u00e9es par la coxarthrose, c&rsquo;est \u00e0 dire l&rsquo;usure des surfaces cartilagineuses de la hanche. Elles sont progressivement de plus en plus invalidantes, pr\u00e9sentes de jour comme de nuit, et limitent peu \u00e0 peu les activit\u00e9s sportives, professionnelles ou de loisir. A terme, il devient p\u00e9nible voire &#8230; <a title=\"La Proth\u00e8se de Hanche\" class=\"read-more\" href=\"https:\/\/www.ortho-info.com\/?page_id=257\" aria-label=\"En savoir plus sur La Proth\u00e8se de Hanche\">Lire la suite<\/a><\/p>\n","protected":false},"author":1,"featured_media":0,"parent":35,"menu_order":0,"comment_status":"closed","ping_status":"open","template":"","meta":{"footnotes":""},"class_list":["post-257","page","type-page","status-publish"],"_links":{"self":[{"href":"https:\/\/www.ortho-info.com\/index.php?rest_route=\/wp\/v2\/pages\/257","targetHints":{"allow":["GET"]}}],"collection":[{"href":"https:\/\/www.ortho-info.com\/index.php?rest_route=\/wp\/v2\/pages"}],"about":[{"href":"https:\/\/www.ortho-info.com\/index.php?rest_route=\/wp\/v2\/types\/page"}],"author":[{"embeddable":true,"href":"https:\/\/www.ortho-info.com\/index.php?rest_route=\/wp\/v2\/users\/1"}],"replies":[{"embeddable":true,"href":"https:\/\/www.ortho-info.com\/index.php?rest_route=%2Fwp%2Fv2%2Fcomments&post=257"}],"version-history":[{"count":43,"href":"https:\/\/www.ortho-info.com\/index.php?rest_route=\/wp\/v2\/pages\/257\/revisions"}],"predecessor-version":[{"id":1761,"href":"https:\/\/www.ortho-info.com\/index.php?rest_route=\/wp\/v2\/pages\/257\/revisions\/1761"}],"up":[{"embeddable":true,"href":"https:\/\/www.ortho-info.com\/index.php?rest_route=\/wp\/v2\/pages\/35"}],"wp:attachment":[{"href":"https:\/\/www.ortho-info.com\/index.php?rest_route=%2Fwp%2Fv2%2Fmedia&parent=257"}],"curies":[{"name":"wp","href":"https:\/\/api.w.org\/{rel}","templated":true}]}}