{"id":248,"date":"2015-07-12T08:52:46","date_gmt":"2015-07-12T07:52:46","guid":{"rendered":"http:\/\/www.ortho-info.com\/?page_id=248"},"modified":"2020-01-30T15:19:07","modified_gmt":"2020-01-30T14:19:07","slug":"coxarthrose","status":"publish","type":"page","link":"https:\/\/www.ortho-info.com\/?page_id=248","title":{"rendered":"coxarthrose"},"content":{"rendered":"<div id=\"bandeau\"><\/div>\n<div id=\"casemenu\"><!--?php include 'menuderoulant.html';?--><\/div>\n<div id=\"contenu\">\n<h1>L&rsquo;arthrose de la hanche : \u00ab\u00a0la coxarthrose\u00a0\u00bb<\/h1>\n<p>La coxarthrose est l&rsquo;arthrose de l&rsquo;articulation de la hanche, c&rsquo;est \u00e0 dire la destruction par usure des surfaces articulaires de la t\u00eate du f\u00e9mur et du cotyle.<br \/>\nLes causes sont diverses :<br \/>\n&#8211; dysplasie de hanche (malformation de la hanche qui acc\u00e9l\u00e8re son usure),<br \/>\n&#8211; ost\u00e9on\u00e9crose de la t\u00eate f\u00e9morale \u00e9volu\u00e9e,<br \/>\n&#8211; suite \u00e0 un traumatisme grave de la hanche ou du bassin : fracture, luxation<br \/>\n&#8211; mais le plus souvent, elle est dite \u00ab\u00a0idiopathique\u00a0\u00bb, c&rsquo;est \u00e0 dire sans raison connue.<br \/>\nle traitement est :<br \/>\n&#8211; pr\u00e9ventif: quand on connait une cause qui risque d&rsquo;user pr\u00e9matur\u00e9ment la hanche, il faut la traiter. C&rsquo;est le cas notamment de la dysplasie de hanche, ou de la pathologie du bourrelet cotylo\u00efdien.<br \/>\n&#8211; traitement m\u00e9dical de l&rsquo;arthrose associe m\u00e9dicaments antalgiques non sp\u00e9cifiques (anti inflammatoires, antalgiques), r\u00e9gime di\u00e9t\u00e9tique (perte de poids, arr\u00eat de l&rsquo;alcool en cas d&rsquo;ost\u00e9on\u00e9crose), m\u00e9dicaments chondroprotecteurs (comme le ART50, ou le CHONDROSULF par exemple).<br \/>\n&#8211; il est n\u00e9cessaire, malgr\u00e9 les douleurs, de conserver une activit\u00e9 physique r\u00e9guli\u00e8re pour \u00e9viter l&rsquo;ankylose.<br \/>\n&#8211; injection d&rsquo;acide hyaluronique intra articulaire: c&rsquo;est la \u00ab <a href=\"file:\/\/\/C:\/Users\/mallet\/Documents\/site%20web%20bougersansdouleur\/bougersansdouleur%202.0\/hanche_viscosupplementation.php\">visco-suppl\u00e9mentation<\/a> \u00bb, dont nous assurons la prise en charge, par trois injections intra articulaires, et qui b\u00e9n\u00e9ficie d&rsquo;un sujet \u00e0 part.<br \/>\n&#8211; en dernier recours, quant les traitements m\u00e9dicaux ne sont plus efficaces, on doit changer la hanche et la remplacer par une proth\u00e8se totale de hanche.<\/p>\n<figure id=\"attachment_775\" aria-describedby=\"caption-attachment-775\" style=\"width: 590px\" class=\"wp-caption alignnone\"><a href=\"https:\/\/www.ortho-info.com\/wp-content\/uploads\/2015\/10\/image2993.png\"><img loading=\"lazy\" decoding=\"async\" class=\"size-full wp-image-775\" src=\"https:\/\/www.ortho-info.com\/wp-content\/uploads\/2015\/10\/image2993.png\" alt=\"coxarthrose \u00e0 la radio: pincement complet de l'articulation\" width=\"600\" height=\"420\" srcset=\"https:\/\/www.ortho-info.com\/wp-content\/uploads\/2015\/10\/image2993.png 600w, https:\/\/www.ortho-info.com\/wp-content\/uploads\/2015\/10\/image2993-300x210.png 300w\" sizes=\"auto, (max-width: 600px) 100vw, 600px\" \/><\/a><figcaption id=\"caption-attachment-775\" class=\"wp-caption-text\">coxarthrose \u00e0 la radio: pincement complet de l&rsquo;articulation<\/figcaption><\/figure>\n<figure id=\"attachment_776\" aria-describedby=\"caption-attachment-776\" style=\"width: 590px\" class=\"wp-caption alignnone\"><a href=\"https:\/\/www.ortho-info.com\/wp-content\/uploads\/2015\/10\/tete-f\u00e9morale.jpg\"><img loading=\"lazy\" decoding=\"async\" class=\"size-full wp-image-776\" src=\"https:\/\/www.ortho-info.com\/wp-content\/uploads\/2015\/10\/tete-f\u00e9morale.jpg\" alt=\"la t\u00eate f\u00e9morale correspondant \u00e0 la radio ci dessus\" width=\"600\" height=\"525\" srcset=\"https:\/\/www.ortho-info.com\/wp-content\/uploads\/2015\/10\/tete-f\u00e9morale.jpg 600w, https:\/\/www.ortho-info.com\/wp-content\/uploads\/2015\/10\/tete-f\u00e9morale-300x263.jpg 300w\" sizes=\"auto, (max-width: 600px) 100vw, 600px\" \/><\/a><figcaption id=\"caption-attachment-776\" class=\"wp-caption-text\">la t\u00eate f\u00e9morale correspondant \u00e0 la radio ci dessus : il n&rsquo;y a plus de cartilage sur la surface portante<\/figcaption><\/figure>\n<p>&nbsp;<\/p>\n<p><iframe loading=\"lazy\" src=\"https:\/\/www.youtube.com\/embed\/j5DWTAcM0Y8\" width=\"560\" height=\"315\" frameborder=\"0\" allowfullscreen=\"allowfullscreen\"><\/iframe><\/p>\n<\/div>\n<div id=\"piedpage\"><!--?php include 'piedepage.html';?--><\/div>\n","protected":false},"excerpt":{"rendered":"<p>L&rsquo;arthrose de la hanche : \u00ab\u00a0la coxarthrose\u00a0\u00bb La coxarthrose est l&rsquo;arthrose de l&rsquo;articulation de la hanche, c&rsquo;est \u00e0 dire la destruction par usure des surfaces articulaires de la t\u00eate du f\u00e9mur et du cotyle. Les causes sont diverses : &#8211; dysplasie de hanche (malformation de la hanche qui acc\u00e9l\u00e8re son usure), &#8211; ost\u00e9on\u00e9crose de la &#8230; <a title=\"coxarthrose\" class=\"read-more\" href=\"https:\/\/www.ortho-info.com\/?page_id=248\" aria-label=\"En savoir plus sur coxarthrose\">Lire la suite<\/a><\/p>\n","protected":false},"author":1,"featured_media":0,"parent":35,"menu_order":0,"comment_status":"closed","ping_status":"open","template":"","meta":{"footnotes":""},"class_list":["post-248","page","type-page","status-publish"],"_links":{"self":[{"href":"https:\/\/www.ortho-info.com\/index.php?rest_route=\/wp\/v2\/pages\/248","targetHints":{"allow":["GET"]}}],"collection":[{"href":"https:\/\/www.ortho-info.com\/index.php?rest_route=\/wp\/v2\/pages"}],"about":[{"href":"https:\/\/www.ortho-info.com\/index.php?rest_route=\/wp\/v2\/types\/page"}],"author":[{"embeddable":true,"href":"https:\/\/www.ortho-info.com\/index.php?rest_route=\/wp\/v2\/users\/1"}],"replies":[{"embeddable":true,"href":"https:\/\/www.ortho-info.com\/index.php?rest_route=%2Fwp%2Fv2%2Fcomments&post=248"}],"version-history":[{"count":5,"href":"https:\/\/www.ortho-info.com\/index.php?rest_route=\/wp\/v2\/pages\/248\/revisions"}],"predecessor-version":[{"id":1028,"href":"https:\/\/www.ortho-info.com\/index.php?rest_route=\/wp\/v2\/pages\/248\/revisions\/1028"}],"up":[{"embeddable":true,"href":"https:\/\/www.ortho-info.com\/index.php?rest_route=\/wp\/v2\/pages\/35"}],"wp:attachment":[{"href":"https:\/\/www.ortho-info.com\/index.php?rest_route=%2Fwp%2Fv2%2Fmedia&parent=248"}],"curies":[{"name":"wp","href":"https:\/\/api.w.org\/{rel}","templated":true}]}}