{"id":239,"date":"2015-07-12T08:51:43","date_gmt":"2015-07-12T07:51:43","guid":{"rendered":"http:\/\/www.ortho-info.com\/?page_id=239"},"modified":"2026-03-11T07:04:54","modified_gmt":"2026-03-11T06:04:54","slug":"prothese-totale-du-genou-ptg","status":"publish","type":"page","link":"https:\/\/www.ortho-info.com\/?page_id=239","title":{"rendered":"La Proth\u00e8se du Genou"},"content":{"rendered":"<p>\u00c0 partir de 50 ans, les douleurs du genou sont le plus souvent caus\u00e9es par la gonarthrose, c&rsquo;est \u00e0 dire l&rsquo;usure des surfaces cartilagineuses du genou. L&rsquo;\u00e9volution est lente, et ces douleurs sont progressivement de plus en plus invalidantes, pr\u00e9sentes le plus souvent jour comme parfois nuit, et limitent peu \u00e0 peu les activit\u00e9s sportives, professionnelles ou de loisir. A terme, on abandonne progressivement ses passions sportives, ses loisirs, et m\u00eame de faire ses courses devient un calvaire. Fini la danse, la marche, les activit\u00e9s en plein air.<\/p>\n<p>Il est alors temps de prendre la d\u00e9cision de se faire poser une proth\u00e8se du genou.<\/p>\n<p>L&rsquo;intervention et ses suites sont beaucoup plus simples que vous ne le pensez:<\/p>\n<ul>\n<li>dur\u00e9e d&rsquo;hospitalisation d&rsquo;une nuit maximum, et retour \u00e0 domicile d\u00e8s le lendemain de l&rsquo;intervention;<\/li>\n<li>vous marcherez avec appui complet et pourrez monter et descendre les escaliers seul et sans aide d\u00e8s le lendemain de l&rsquo;intervention quel que soit votre \u00e2ge;<\/li>\n<li>strictement aucune r\u00e9\u00e9ducation en cabinet n&rsquo;est n\u00e9cessaire;<\/li>\n<li>vous ferez vous m\u00eame votre auto r\u00e9\u00e9ducation chez vous, \u00e0 votre propre rythme, \u00e0 l&rsquo;aide des explications que je vous donnerai, et du suivi quotidien que j&rsquo;assurerai par mail;<\/li>\n<li>la conduite automobile sera possible 15 jours apr\u00e8s l&rsquo;op\u00e9ration;<\/li>\n<li>une grande majorit\u00e9 de sports sont possibles avec une proth\u00e8se du genou;<\/li>\n<li>dans 95% des cas la proth\u00e8se du genou ne sera jamais chang\u00e9e, et vous la garderez \u00e0 vie.<\/li>\n<\/ul>\n<p style=\"text-align: right;\"><em>Dr Jean-Louis MALLET<\/em><\/p>\n<p style=\"text-align: center;\"><span style=\"color: #ff0000;\"><strong><a href=\"https:\/\/www.ortho-info.com\/wp-content\/uploads\/2026\/03\/fusion_2025_v016.pdf\" target=\"_blank\" rel=\"noopener noreferrer\">cliquez ICI pour t\u00e9l\u00e9charger mon<br \/>\ne-book gratuit sur la proth\u00e8se du genou<\/a><\/strong><\/span><\/p>\n<p style=\"text-align: center;\">Prenez rendez-vous par t\u00e9l\u00e9phone :<br \/>\n<span style=\"color: #ff0000;\"><a href=\"tel:0490513146\"><strong>04 90 51 31 46<\/strong><\/a><\/span><br \/>\nconsultations \u00e0 Orange<br \/>\net \u00e0 Bagnols-sur-C\u00e8ze<\/p>\n<p style=\"text-align: center;\"><iframe loading=\"lazy\" title=\"YouTube video player\" src=\"https:\/\/www.youtube.com\/embed\/6n4kG_LDspA?rel=0\" width=\"560\" height=\"315\" frameborder=\"0\" allowfullscreen=\"allowfullscreen\"><\/iframe><\/p>\n","protected":false},"excerpt":{"rendered":"<p>\u00c0 partir de 50 ans, les douleurs du genou sont le plus souvent caus\u00e9es par la gonarthrose, c&rsquo;est \u00e0 dire l&rsquo;usure des surfaces cartilagineuses du genou. L&rsquo;\u00e9volution est lente, et ces douleurs sont progressivement de plus en plus invalidantes, pr\u00e9sentes le plus souvent jour comme parfois nuit, et limitent peu \u00e0 peu les activit\u00e9s sportives, &#8230; <a title=\"La Proth\u00e8se du Genou\" class=\"read-more\" href=\"https:\/\/www.ortho-info.com\/?page_id=239\" aria-label=\"En savoir plus sur La Proth\u00e8se du Genou\">Lire la suite<\/a><\/p>\n","protected":false},"author":1,"featured_media":0,"parent":31,"menu_order":0,"comment_status":"closed","ping_status":"open","template":"","meta":{"footnotes":""},"class_list":["post-239","page","type-page","status-publish"],"_links":{"self":[{"href":"https:\/\/www.ortho-info.com\/index.php?rest_route=\/wp\/v2\/pages\/239","targetHints":{"allow":["GET"]}}],"collection":[{"href":"https:\/\/www.ortho-info.com\/index.php?rest_route=\/wp\/v2\/pages"}],"about":[{"href":"https:\/\/www.ortho-info.com\/index.php?rest_route=\/wp\/v2\/types\/page"}],"author":[{"embeddable":true,"href":"https:\/\/www.ortho-info.com\/index.php?rest_route=\/wp\/v2\/users\/1"}],"replies":[{"embeddable":true,"href":"https:\/\/www.ortho-info.com\/index.php?rest_route=%2Fwp%2Fv2%2Fcomments&post=239"}],"version-history":[{"count":45,"href":"https:\/\/www.ortho-info.com\/index.php?rest_route=\/wp\/v2\/pages\/239\/revisions"}],"predecessor-version":[{"id":1762,"href":"https:\/\/www.ortho-info.com\/index.php?rest_route=\/wp\/v2\/pages\/239\/revisions\/1762"}],"up":[{"embeddable":true,"href":"https:\/\/www.ortho-info.com\/index.php?rest_route=\/wp\/v2\/pages\/31"}],"wp:attachment":[{"href":"https:\/\/www.ortho-info.com\/index.php?rest_route=%2Fwp%2Fv2%2Fmedia&parent=239"}],"curies":[{"name":"wp","href":"https:\/\/api.w.org\/{rel}","templated":true}]}}