{"id":230,"date":"2015-07-12T08:50:16","date_gmt":"2015-07-12T07:50:16","guid":{"rendered":"http:\/\/www.ortho-info.com\/?page_id=230"},"modified":"2015-07-13T11:07:09","modified_gmt":"2015-07-13T10:07:09","slug":"arthrose-du-genou","status":"publish","type":"page","link":"https:\/\/www.ortho-info.com\/?page_id=230","title":{"rendered":"arthrose du genou"},"content":{"rendered":"<div id=\"bandeau\"><\/div>\n<div id=\"casemenu\"><!--?php include 'menuderoulant.html';?--><\/div>\n<div id=\"contenu\">\n<h1>\u00ab\u00a0La gonarthrose\u00a0\u00bb, ou arthrose du genou<\/h1>\n<p>L&rsquo;usure du cartilage du genou est appel\u00e9e gonarthrose ou arthrose du genou.<br \/>\nAvec la destruction du cartilage, les os se trouvent directement en contact, et le glissement devient difficile et douloureux: c&rsquo;est le pincement de l&rsquo;interligne articulaire, bien visible sur de simples radios des genoux de face..<br \/>\nAvec le temps, l&rsquo;os s&rsquo;use \u00e9galement. Des petites pointes en forme de bec (ost\u00e9ophytes) apparaissent \u00e9galement avec l&rsquo;inflammation et sont \u00e9galement la cause de douleurs.<\/p>\n<p><img loading=\"lazy\" decoding=\"async\" class=\"alignnone wp-image-508 size-medium\" src=\"https:\/\/www.ortho-info.com\/wp-content\/uploads\/2015\/07\/douleur_genou-300x264.jpg\" alt=\"douleurs du genou\" width=\"300\" height=\"264\" srcset=\"https:\/\/www.ortho-info.com\/wp-content\/uploads\/2015\/07\/douleur_genou-300x264.jpg 300w, https:\/\/www.ortho-info.com\/wp-content\/uploads\/2015\/07\/douleur_genou.jpg 318w\" sizes=\"auto, (max-width: 300px) 100vw, 300px\" \/><img loading=\"lazy\" decoding=\"async\" class=\"alignnone wp-image-511 size-full\" src=\"https:\/\/www.ortho-info.com\/wp-content\/uploads\/2015\/07\/radio_gonarthrose1.jpg\" alt=\"gonarthrose\" width=\"187\" height=\"280\" \/><img loading=\"lazy\" decoding=\"async\" class=\"alignnone wp-image-509 size-full\" src=\"https:\/\/www.ortho-info.com\/wp-content\/uploads\/2015\/07\/shema_gonarthrose1.jpg\" alt=\"gonarthrose\" width=\"281\" height=\"280\" srcset=\"https:\/\/www.ortho-info.com\/wp-content\/uploads\/2015\/07\/shema_gonarthrose1.jpg 281w, https:\/\/www.ortho-info.com\/wp-content\/uploads\/2015\/07\/shema_gonarthrose1-150x150.jpg 150w\" sizes=\"auto, (max-width: 281px) 100vw, 281px\" \/><\/p>\n<p>Le genou est donc de plus en plus douloureux, il s&rsquo;enraidit (la flexion est de moins en moins importante, et l&rsquo;extension compl\u00e8te devient impossible: c&rsquo;est le flexum fix\u00e9). Avec l&rsquo;usure du cartilage et de l&rsquo;os, les ligaments sont de moins en moins tendus, et le genou devient instable. La force diminue \u00e9galement.<\/p>\n<h1>Les causes de l&rsquo;arthrose<\/h1>\n<h3>La premi\u00e8re cause est g\u00e9n\u00e9tique<\/h3>\n<p>Normalement, e cartilage est constamment renouvel\u00e9 : des cellules fabriquent le cartilage (les chondroblastes) et d&rsquo;autres cellules \u00ab\u00a0mangent\u00a0\u00bb le cartilage (les chondrocytes). L&rsquo;activit\u00e9 permanente de ces deux groupes de cellules permettent de renouveler en permanence le cartilage et de maintenir son \u00e9paisseur. Mais avec l&rsquo;\u00e2ge, nombre de chondroblastes diminue, et le cartilage est de moins en moins bien renouvel\u00e9, son \u00e9paisseur diminue. Ceci est g\u00e9n\u00e9tiquement programm\u00e9, et plus ou moins rapide d&rsquo;une personne \u00e0 l&rsquo;autre.<\/p>\n<h3>Des facteurs anatomiques (genu valgum et genu varum)<\/h3>\n<p>Quand les jambes sont arqu\u00e9es comme Lucky Luke (genou en O ou genu varum), la partie interne du genou supporte plus le poids du corps et s&rsquo;use plus vite. Chez des personnes dont le tibia part en dehors (jambe en X ou genu valgum), c&rsquo;est la partie externe du genou qui s&rsquo;usera plus vite.<br \/>\nDans quelques cas, l&rsquo;arthrose est plus importante entre la rotule et le f\u00e9mur (arthrose f\u00e9moropatellaire).<\/p>\n<h3>D&rsquo;autres causes<\/h3>\n<p>Exc\u00e8s de poids, les traumatismes qui laissent des s\u00e9quelles cartilagineuses, certaines maladies inflammatoires (polyarthrite&#8230;).<\/p>\n<h2>Cons\u00e9quences<\/h2>\n<p>Les douleurs augmentent progressivement (elles sont le plus souvent localis\u00e9es du c\u00f4t\u00e9 interne, parfois ant\u00e9rieur ou externe : elles sont maximales \u00e0 l&rsquo;endroit o\u00f9 le cartilage est le plus us\u00e9).<br \/>\nLe genou s&rsquo;enraidit : la flexion est de moins en moins importante, et l&rsquo;extension compl\u00e8te devient impossible. Rester debout devient de plus en plus difficile et fatiguant parce que l&rsquo;articulation ne se verrouille plus (en raison de la baisse de force, et de la laxit\u00e9 en cas d&rsquo;usure importante), les muscles qui font bouger le genou s&rsquo;affaiblissent.<br \/>\nQuand la marche devient anormale, les autres articulations sont \u00e9galement perturb\u00e9es (l&rsquo;autre genou, la hanche, la colonne vert\u00e9brale).<br \/>\nCeci peut devenir tr\u00e8s probl\u00e9matique chez les personnes tr\u00e8s \u00e2g\u00e9es qui peuvent perdre ainsi leur autonomie.<br \/>\nLes douleurs qui sont d&rsquo;abord pr\u00e9sentes en cas de marche forc\u00e9e, deviennent pr\u00e9sentes \u00e0 chaque pas. Le p\u00e9rim\u00e8tre de marche diminue.<br \/>\nLes douleurs deviennent tr\u00e8s importantes quand on se rel\u00e8ve ou lors des changements de position la nuit.<\/p>\n<h2>Quel examen faut-il passer pour faire le diagnostic ?<\/h2>\n<p>La plupart du temps, une radiographie simple suffit. On demande une radiographie de face en schuss (genou l\u00e9g\u00e8rement fl\u00e9chi pour augmenter les contraintes), et une radiographie des rotules, ceci permet de localiser l&rsquo;endroit o\u00f9 l&rsquo;arthrose est la plus importante.<br \/>\nEn r\u00e9p\u00e9tant les radiographies tous les ans, on peut \u00e9valuer l&rsquo;aggravation plus ou moins rapide de la maladie.<br \/>\nUne IRM n&rsquo;est pas indispensable, et nous posons nos indications d&rsquo;ost\u00e9otomies, proth\u00e8ses uni-compartimentales ou totales sur de simples radiographies.<\/p>\n<h1>III. LES DIFF\u00c9RENTS TRAITEMENTS DE LA GONARTHROSE<\/h1>\n<h2>A. LES TRAITEMENTS M\u00c9DICAUX<\/h2>\n<h3>La perte de poids<\/h3>\n<p>Ceci est tr\u00e8s efficace. Une baisse de 5 ou 10 kg permet souvent de beaucoup diminuer les douleurs.<\/p>\n<h3>L&rsquo;adaptation du chaussage<\/h3>\n<p>Mettre des chaussures \u00e0 semelles \u00e9paisses et souples (basket \u00e0 coussin d&rsquo;air, \u2026) pour amortir le choc et les contraintes sur le cartilage.<br \/>\nPlacer une semelle orthop\u00e9dique de valgisation pour d\u00e9charger le compartiment f\u00e9moro-tibial interne par exemple.<\/p>\n<h3>L&rsquo;adaptation de l&rsquo;activit\u00e9 physique<\/h3>\n<p>Pr\u00e9f\u00e9rer le v\u00e9lo et la natation \u00e0 la marche. Il faut continuer \u00e0 bouger car le cyclage articulaire permet de stimuler la s\u00e9cr\u00e9tion du liquide synovial, et entretient la souplesse des ligaments p\u00e9ri-articulaires.<\/p>\n<h3>La kin\u00e9sith\u00e9rapie<\/h3>\n<p>Elle peut \u00eatre utile pour garder les amplitudes articulaires et diminuer la douleur avec la physioth\u00e9rapie.<\/p>\n<h3>Les m\u00e9dicaments per os<\/h3>\n<p>Les antalgiques simples (PARAC\u00c9TAMOL, TRAMADOL, COD\u00c9INE, \u2026).<br \/>\nLes anti-inflammatoires (surtout efficaces en cas de pouss\u00e9e douloureuse).<br \/>\nLes m\u00e9dicaments chondroprotecteurs (CHONDROSULF, ART 50, PIASCLEDINE). Ils sont cens\u00e9s ralentir l&rsquo;\u00e9volution de l&rsquo;arthrose.<br \/>\nCes m\u00e9dicaments ont prouv\u00e9 leur efficacit\u00e9 en exp\u00e9rimentation. Mais leur efficacit\u00e9 sur l&rsquo;humain n&rsquo;est pas vraiment prouv\u00e9e. Ils sont \u00e9galement pas toujours bien tol\u00e9r\u00e9s.<br \/>\nEn cas d&rsquo;arthrose d\u00e9butante, ils peuvent \u00e9ventuellement \u00eatre prescrits.<br \/>\nLes extraits d&rsquo;aile de requin, les extraits de corne de rhinoc\u00e9ros et de bite d&rsquo;ours. L&rsquo;efficacit\u00e9 est surtout importante pour faire maigrir le porte-monnaie.<br \/>\nAttention : tous les m\u00e9dicaments peuvent avoir des effets secondaires et des contre-indications.<\/p>\n<h3>Les infiltrations<\/h3>\n<p>Les anti-inflammatoires (ALTIM, DIPROSTENE, HYDROCORTISONE) : ils sont utiles en cas de pouss\u00e9e arthrosique mais la dur\u00e9e d&rsquo;efficacit\u00e9 est courte. Le geste comporte essentiellement un geste de contamination septique, exceptionnel.<\/p>\n<h3>La Visco-Induction : les infiltrations d&rsquo;acide hyaluronique<\/h3>\n<p>Comment cela fonctionne ?<br \/>\nL&rsquo;acide hyaluronique est un composant du liquide synovial, et permet le bon glissement des surfaces articulaires et l&rsquo;am\u00e9lioration des douleurs. l&rsquo;injection d&rsquo;acide hyaluronique dans le genou, stimule la s\u00e9cr\u00e9tion naturelle de liquide synovial: c&rsquo;est la visco-induction.<br \/>\nSi le patient ne poss\u00e8de plus de cellules fabriquant l&rsquo;acide hyaluronique, l&rsquo;infiltration est inefficace.<br \/>\nStatistiquement, l&rsquo;efficacit\u00e9 est tr\u00e8s bonne dans environ 30 % des cas. Elle peut durer jusqu&rsquo;\u00e0 deux ans. Apr\u00e8s, les injections peuvent \u00eatre renouvel\u00e9es.<br \/>\nLe protocole habituel est de trois injections \u00e0 une semaine d&rsquo;intervalle entre les injections.<br \/>\nCe type de traitement est tr\u00e8s bien tol\u00e9r\u00e9, n&rsquo;a pas de contre-indication, et a exceptionnellement des complications (arthrite septique : 1\/70 000).<br \/>\nCeci reste pour nous le meilleur traitement actuel non chirurgical, et l&rsquo;un des moins agressifs.<br \/>\nMalheureusement, il n&rsquo;est pas toujours efficace.<\/p>\n<h3>En cours d&rsquo;\u00e9valuation<\/h3>\n<p>Les injections intra-articulaires de cellules souche (qu&rsquo;on stimule pour se transformer en chondroblastes).<\/p>\n<h3>En conclusion<\/h3>\n<p>Aucun traitement m\u00e9dical n&rsquo;existe encore pour faire refabriquer le cartilage.<\/p>\n<h2>B. LES TRAITEMENTS CHIRURGICAUX<\/h2>\n<h2>Les ost\u00e9otomies<\/h2>\n<p>Quand il reste encore du cartilage, un traitement conservateur est possible.<br \/>\nLe chirurgien peut modifier l&rsquo;orientation de l&rsquo;articulation pour diminuer la pression sur les endroits ab\u00eem\u00e9s et douloureux tout en faisant plus travailler les parties intactes.<br \/>\nOn peut ainsi corriger un genu varum ou un genu valgum en enlevant un coin externe ou un coin interne (l&rsquo;intervention se fait en dehors de l&rsquo;articulation, et ne touche pas le cartilage qui reste us\u00e9).<br \/>\nCette intervention est surtout faite chez les sujets jeunes. Elle peut stopper ou ralentir l&rsquo;\u00e9volution de l&rsquo;arthrose.<\/p>\n<h2>La proth\u00e8se de genou<\/h2>\n<p>Quand l&rsquo;articulation est trop ab\u00eem\u00e9e, il faut enlever les zones de cartilage us\u00e9 et les remplacer par un mat\u00e9riel artificiel : la proth\u00e8se.<br \/>\nLe reste du genou est pr\u00e9serv\u00e9 au maximum (muscle, tendon, ligaments, enveloppe synoviale).<br \/>\nPlusieurs types de proth\u00e8se existent : proth\u00e8se unicompartimentale (demi-proth\u00e8se), proth\u00e8ses totales, proth\u00e8ses rotuliennes.<br \/>\nLa qualit\u00e9 du r\u00e9sultat de l&rsquo;op\u00e9ration d\u00e9pend surtout de l&rsquo;\u00e9tat des muscles, tendons et ligaments qui entourent l&rsquo;articulation.<\/p>\n<h2>Quand faut-il op\u00e9rer ?<\/h2>\n<p>L&rsquo;op\u00e9ration s&rsquo;envisage quand les traitements m\u00e9dicaux deviennent inefficaces. Mais ce stade est diff\u00e9rent d&rsquo;un patient \u00e0 l&rsquo;autre. Le degr\u00e9 d&rsquo;usure n&rsquo;est pas un crit\u00e8re selon nous. Chaque patient \u00e9tant diff\u00e9rent, tout d\u00e9pend de la douleur, de l&rsquo;\u00e2ge, du mode de vie et des souhaits.<\/p>\n<\/div>\n<div id=\"piedpage\"><!--?php include 'piedepage.html';?--><\/div>\n","protected":false},"excerpt":{"rendered":"<p>\u00ab\u00a0La gonarthrose\u00a0\u00bb, ou arthrose du genou L&rsquo;usure du cartilage du genou est appel\u00e9e gonarthrose ou arthrose du genou. Avec la destruction du cartilage, les os se trouvent directement en contact, et le glissement devient difficile et douloureux: c&rsquo;est le pincement de l&rsquo;interligne articulaire, bien visible sur de simples radios des genoux de face.. Avec le &#8230; <a title=\"arthrose du genou\" class=\"read-more\" href=\"https:\/\/www.ortho-info.com\/?page_id=230\" aria-label=\"En savoir plus sur arthrose du genou\">Lire la suite<\/a><\/p>\n","protected":false},"author":1,"featured_media":0,"parent":31,"menu_order":0,"comment_status":"closed","ping_status":"open","template":"","meta":{"footnotes":""},"class_list":["post-230","page","type-page","status-publish"],"_links":{"self":[{"href":"https:\/\/www.ortho-info.com\/index.php?rest_route=\/wp\/v2\/pages\/230","targetHints":{"allow":["GET"]}}],"collection":[{"href":"https:\/\/www.ortho-info.com\/index.php?rest_route=\/wp\/v2\/pages"}],"about":[{"href":"https:\/\/www.ortho-info.com\/index.php?rest_route=\/wp\/v2\/types\/page"}],"author":[{"embeddable":true,"href":"https:\/\/www.ortho-info.com\/index.php?rest_route=\/wp\/v2\/users\/1"}],"replies":[{"embeddable":true,"href":"https:\/\/www.ortho-info.com\/index.php?rest_route=%2Fwp%2Fv2%2Fcomments&post=230"}],"version-history":[{"count":4,"href":"https:\/\/www.ortho-info.com\/index.php?rest_route=\/wp\/v2\/pages\/230\/revisions"}],"predecessor-version":[{"id":512,"href":"https:\/\/www.ortho-info.com\/index.php?rest_route=\/wp\/v2\/pages\/230\/revisions\/512"}],"up":[{"embeddable":true,"href":"https:\/\/www.ortho-info.com\/index.php?rest_route=\/wp\/v2\/pages\/31"}],"wp:attachment":[{"href":"https:\/\/www.ortho-info.com\/index.php?rest_route=%2Fwp%2Fv2%2Fmedia&parent=230"}],"curies":[{"name":"wp","href":"https:\/\/api.w.org\/{rel}","templated":true}]}}