{"id":227,"date":"2015-07-12T08:49:50","date_gmt":"2015-07-12T07:49:50","guid":{"rendered":"http:\/\/www.ortho-info.com\/?page_id=227"},"modified":"2023-05-03T08:49:17","modified_gmt":"2023-05-03T07:49:17","slug":"menisques","status":"publish","type":"page","link":"https:\/\/www.ortho-info.com\/?page_id=227","title":{"rendered":"chirurgie arthroscopique du genou"},"content":{"rendered":"<p>Avant l&rsquo;\u00e2ge de 50 ans, les douleurs du genou peuvent avoir plusieurs origines, et le diagnostic pr\u00e9cis repose sur l&rsquo;examen clinique appuy\u00e9 d&rsquo;une imagerie m\u00e9dicale sp\u00e9cifique (L&rsquo;IRM du genou).<br \/>\nSi votre genou vous pose probl\u00e8me depuis plusieurs semaines, il faut avant tout consulter un chirurgien orthop\u00e9dique qui a la connaissance globale des probl\u00e8mes de douleurs au genou: ne vous inqui\u00e9tez pas cel\u00e0 ne veut pas dire que vous avez besoin d&rsquo;\u00eatre op\u00e9r\u00e9 !<br \/>\nL&rsquo;objectif ici n&rsquo;est pas de vous donner un cours d\u00e9taill\u00e9 des pathologies ost\u00e9o-articulaires du genou, car en r\u00e9alit\u00e9 le diagnostic n&rsquo;est possible que par un contact physique avec un examen clinique de votre genou.<br \/>\nCependant, je consulte beaucoup de personnes g\u00ean\u00e9es par leur genou, dont l&rsquo;origine est souvent une d\u00e9t\u00e9rioration m\u00e9niscale.<\/p>\n<p>Le traitement n&rsquo;est pas toujours chirurgical, et dans une premi\u00e8re approche, apr\u00e8s avoir \u00e9tabli un diagnostic r\u00e9sultant de l&rsquo;analyse globale de leur histoire personnelle, examen clinique et visualisation des images de leur IRM, je leur propose souvent une prise en charge m\u00e9dicale conservatrice sans chirurgie.<\/p>\n<p>Ce ne sera qu&rsquo;en deuxi\u00e8me approche qu&rsquo;une chirurgie arthroscopique sera propos\u00e9e, selon le d\u00e9roulement suivant:<\/p>\n<ul>\n<li>dans tous les cas une chirurgie ambulatoire;<\/li>\n<li>deux petites incisions de 5 mm de part et d&rsquo;autre du tendon rotulien;<\/li>\n<li>une marche avec appui complet imm\u00e9diat l&rsquo;apr\u00e8s midi m\u00eame de l&rsquo;intervention, sans b\u00e9quille,&nbsp; avec possibilit\u00e9 de monter et descendre les escaliers seul et sans aide;<\/li>\n<li>une conduite automobile possible d\u00e8s le lendemain de l&rsquo;intervention;<\/li>\n<li>une reprise des sports possible de 3 \u00e0 8 semaines suivant le cas particulier et le sport en question;<\/li>\n<li>une reprise du travail de 48 heures \u00e0 30 jours suivant le cas particulier;<\/li>\n<\/ul>\n<p style=\"text-align: right;\"><em>Dr Jean-Louis MALLET<\/em><\/p>\n<p style=\"text-align: center;\">Prenez rendez-vous par t\u00e9l\u00e9phone :<br \/>\n<span style=\"color: #ff0000;\"><a href=\"tel:0490513146\"><strong>04 90 51 31 46<\/strong><\/a><\/span><br \/>\nconsultations \u00e0 Orange<br \/>\net \u00e0 Bagnols-sur-C\u00e8ze<\/p>\n","protected":false},"excerpt":{"rendered":"<p>Avant l&rsquo;\u00e2ge de 50 ans, les douleurs du genou peuvent avoir plusieurs origines, et le diagnostic pr\u00e9cis repose sur l&rsquo;examen clinique appuy\u00e9 d&rsquo;une imagerie m\u00e9dicale sp\u00e9cifique (L&rsquo;IRM du genou). Si votre genou vous pose probl\u00e8me depuis plusieurs semaines, il faut avant tout consulter un chirurgien orthop\u00e9dique qui a la connaissance globale des probl\u00e8mes de douleurs &#8230; <a title=\"chirurgie arthroscopique du genou\" class=\"read-more\" href=\"https:\/\/www.ortho-info.com\/?page_id=227\" aria-label=\"En savoir plus sur chirurgie arthroscopique du genou\">Lire la suite<\/a><\/p>\n","protected":false},"author":1,"featured_media":0,"parent":31,"menu_order":0,"comment_status":"closed","ping_status":"open","template":"","meta":{"footnotes":""},"class_list":["post-227","page","type-page","status-publish"],"_links":{"self":[{"href":"https:\/\/www.ortho-info.com\/index.php?rest_route=\/wp\/v2\/pages\/227","targetHints":{"allow":["GET"]}}],"collection":[{"href":"https:\/\/www.ortho-info.com\/index.php?rest_route=\/wp\/v2\/pages"}],"about":[{"href":"https:\/\/www.ortho-info.com\/index.php?rest_route=\/wp\/v2\/types\/page"}],"author":[{"embeddable":true,"href":"https:\/\/www.ortho-info.com\/index.php?rest_route=\/wp\/v2\/users\/1"}],"replies":[{"embeddable":true,"href":"https:\/\/www.ortho-info.com\/index.php?rest_route=%2Fwp%2Fv2%2Fcomments&post=227"}],"version-history":[{"count":17,"href":"https:\/\/www.ortho-info.com\/index.php?rest_route=\/wp\/v2\/pages\/227\/revisions"}],"predecessor-version":[{"id":1588,"href":"https:\/\/www.ortho-info.com\/index.php?rest_route=\/wp\/v2\/pages\/227\/revisions\/1588"}],"up":[{"embeddable":true,"href":"https:\/\/www.ortho-info.com\/index.php?rest_route=\/wp\/v2\/pages\/31"}],"wp:attachment":[{"href":"https:\/\/www.ortho-info.com\/index.php?rest_route=%2Fwp%2Fv2%2Fmedia&parent=227"}],"curies":[{"name":"wp","href":"https:\/\/api.w.org\/{rel}","templated":true}]}}