{"id":224,"date":"2015-07-12T08:49:26","date_gmt":"2015-07-12T07:49:26","guid":{"rendered":"http:\/\/www.ortho-info.com\/?page_id=224"},"modified":"2015-07-13T11:07:09","modified_gmt":"2015-07-13T10:07:09","slug":"anatomie-du-genou","status":"publish","type":"page","link":"https:\/\/www.ortho-info.com\/?page_id=224","title":{"rendered":"anatomie du genou"},"content":{"rendered":"<div id=\"bandeau\">L&rsquo;articulation du genou est la plus volumineuse du corps. Elle permet les mouvements de flexion et d&rsquo;extension du genou, sous une amplitude normale de 0-150\u00b0 (quand on est accroupi, fesse sur les talons : c&rsquo;est \u00ab l&rsquo;hyperflexion \u00bb). Il existe \u00e9galement une petite libert\u00e9 de mouvements rotatoires de quelques degr\u00e9s au genou.<\/div>\n<div id=\"casemenu\"><!--?php include 'menuderoulant.html';?--><\/div>\n<div id=\"contenu\">\n<p>Cette articulation doit \u00eatre stable pour ne pas entra\u00eener de chute.<br \/>\nElle est soumise \u00e0 de tr\u00e8s fortes contraintes (surtout en position accroupie, lors des mouvements de pivot, ou pendant les travaux de force).<\/p>\n<figure id=\"attachment_145\" aria-describedby=\"caption-attachment-145\" style=\"width: 229px\" class=\"wp-caption alignnone\"><img loading=\"lazy\" decoding=\"async\" class=\"wp-image-145 size-medium\" src=\"https:\/\/www.ortho-info.com\/wp-content\/uploads\/2015\/07\/anatomie_genou_face_extension_muscles-239x300.png\" alt=\"genou de face\" width=\"239\" height=\"300\" srcset=\"https:\/\/www.ortho-info.com\/wp-content\/uploads\/2015\/07\/anatomie_genou_face_extension_muscles-239x300.png 239w, https:\/\/www.ortho-info.com\/wp-content\/uploads\/2015\/07\/anatomie_genou_face_extension_muscles.png 350w\" sizes=\"auto, (max-width: 239px) 100vw, 239px\" \/><figcaption id=\"caption-attachment-145\" class=\"wp-caption-text\">genou de face<\/figcaption><\/figure>\n<figure id=\"attachment_148\" aria-describedby=\"caption-attachment-148\" style=\"width: 270px\" class=\"wp-caption alignnone\"><img loading=\"lazy\" decoding=\"async\" class=\"wp-image-148 size-medium\" src=\"https:\/\/www.ortho-info.com\/wp-content\/uploads\/2015\/07\/anatomie_genou_profil_extension_muscles-280x300.png\" alt=\"genou de profil\" width=\"280\" height=\"300\" srcset=\"https:\/\/www.ortho-info.com\/wp-content\/uploads\/2015\/07\/anatomie_genou_profil_extension_muscles-280x300.png 280w, https:\/\/www.ortho-info.com\/wp-content\/uploads\/2015\/07\/anatomie_genou_profil_extension_muscles.png 400w\" sizes=\"auto, (max-width: 280px) 100vw, 280px\" \/><figcaption id=\"caption-attachment-148\" class=\"wp-caption-text\">genou de profil<\/figcaption><\/figure>\n<figure id=\"attachment_142\" aria-describedby=\"caption-attachment-142\" style=\"width: 254px\" class=\"wp-caption alignnone\"><img loading=\"lazy\" decoding=\"async\" class=\"wp-image-142 size-medium\" src=\"https:\/\/www.ortho-info.com\/wp-content\/uploads\/2015\/07\/anatomie_genou_face_croises-264x300.png\" alt=\"ligaments du genou\" width=\"264\" height=\"300\" srcset=\"https:\/\/www.ortho-info.com\/wp-content\/uploads\/2015\/07\/anatomie_genou_face_croises-264x300.png 264w, https:\/\/www.ortho-info.com\/wp-content\/uploads\/2015\/07\/anatomie_genou_face_croises.png 300w\" sizes=\"auto, (max-width: 264px) 100vw, 264px\" \/><figcaption id=\"caption-attachment-142\" class=\"wp-caption-text\">ligaments du genou<\/figcaption><\/figure>\n<h2>Les os du genou<\/h2>\n<p>Le genou est compos\u00e9 de quatre pi\u00e8ces osseuses :<br \/>\n&#8211; la partie basse du f\u00e9mur, appel\u00e9e \u00ab condyles f\u00e9moraux \u00bb (7),<br \/>\n&#8211; la rotule (8),<br \/>\n&#8211; la partie sup\u00e9rieure du tibia, appel\u00e9e \u00ab plateaux tibiaux \u00bb (11)<br \/>\n&#8211; la t\u00eate du p\u00e9ron\u00e9 (6);<\/p>\n<h2>Les articulations du genou<\/h2>\n<p>Ces pi\u00e8ces osseuses sont recouvertes de cartilage articulaire, et on sch\u00e9matise le genou en trois sous parties articulaires qu&rsquo;on appelle \u00ab compartiments \u00bb :<br \/>\n&#8211; compartiment f\u00e9moro tibial externe,<br \/>\n&#8211; compartiment f\u00e9moro tibial interne,<br \/>\n&#8211; compartiment f\u00e9moro patellaire.<br \/>\nchacun de ces compartiments peuvent pr\u00e9senter des signes d&rsquo;usure, c&rsquo;est l&rsquo;arthrose.<\/p>\n<h2>Les m\u00e9nisques<\/h2>\n<p>En vue de profil, on voit bien que les condyles du f\u00e9mur sont arrondis alors que les plateaux tibiaux sont plats ; aussi, pour assurer une bonne congruence, il existe deux m\u00e9nisques, internes (10) et externes (5). Ce sont des \u00e9l\u00e9ments fibro-cartilagineux, invisibles sur les radiographies, qui sont bien souvent pr\u00e9sent\u00e9s comme des \u00ab amortisseurs \u00bb alors qu&rsquo;ils n&rsquo;en sont pas ! La vulgarisation de leur fonction devrait plut\u00f4t parler de \u00ab\u00a0joints\u00a0\u00bb.<br \/>\nCes m\u00e9nisques ont une forme globalement arrondie, et sont triangulaires \u00e0 la coupe.<\/p>\n<h2>Les ligaments du genou (relient les os entre eux)<\/h2>\n<p>Les ligaments du genou se r\u00e9partissent en deux cat\u00e9gories :<br \/>\nles ligaments dits \u00ab p\u00e9riph\u00e9riques \u00bb, ce sont :<br \/>\n&#8211; le Ligament Lat\u00e9ral Interne (LLI) : situ\u00e9 en dedans du genou (9)<br \/>\n&#8211; le Ligament lat\u00e9ral Externe (LLE) : en dehors du genou (4)<br \/>\nles ligaments crois\u00e9s, intra articulaires, au milieu du genou :<br \/>\n&#8211; le ligament crois\u00e9 ant\u00e9ro externe (16)<br \/>\n&#8211; le ligament crois\u00e9 post\u00e9ro interne (17)<br \/>\nLe r\u00f4le de ces ligaments est de stabiliser le genou et emp\u00eacher ses mouvements anormaux; emp\u00eacher que le genou parte sur le c\u00f4t\u00e9 (c&rsquo;est le r\u00f4le des ligaments lat\u00e9raux), et emp\u00eacher que le tibia se d\u00e9boite en avant ou en arri\u00e8re du f\u00e9mur (on parle de \u00ab\u00a0tiroir\u00a0\u00bb), c&rsquo;est le r\u00f4le des ligaments crois\u00e9s.<\/p>\n<h2>Les muscles du genou<\/h2>\n<p>Le genou est m\u00e9canis\u00e9 par des muscles :<br \/>\nextenseurs : le muscle quadriceps f\u00e9moral (1), le droit interne<br \/>\nfl\u00e9chisseurs : les muscles dits \u00ab ischio jambiers \u00bb<br \/>\nle biceps crural en dehors;<br \/>\ncitons \u00e9galement les tendons de la \u201cpatte d\u2019oie\u201d, constitu\u00e9e de trois muscles:<br \/>\n&#8211; le muscle couturier<br \/>\n&#8211; le muscle droit interne<br \/>\n&#8211; le muscle demi tendineux<\/p>\n<h2>Les tendons au genou (relient les muscles aux os)<\/h2>\n<p>la rotule (8), qui a un r\u00f4le de \u00ab came \u00bb dans les mouvement de flexion-extension du genou en augmentant le bras de levier du muscle quadriceps (1), est reli\u00e9 \u00e0 ce quadriceps par le tendon quadricipital (3), et au tibia (11) (tub\u00e9rosit\u00e9 tibiale ant\u00e9rieure (13)) par le tendon rotulien (12).<br \/>\nle tendon du muscle biceps f\u00e9moral, palpable en arri\u00e8re du genou, sur son bord externe.<\/p>\n<\/div>\n<div id=\"piedpage\"><!--?php include 'piedepage.html';?--><\/div>\n","protected":false},"excerpt":{"rendered":"<p>L&rsquo;articulation du genou est la plus volumineuse du corps. Elle permet les mouvements de flexion et d&rsquo;extension du genou, sous une amplitude normale de 0-150\u00b0 (quand on est accroupi, fesse sur les talons : c&rsquo;est \u00ab l&rsquo;hyperflexion \u00bb). Il existe \u00e9galement une petite libert\u00e9 de mouvements rotatoires de quelques degr\u00e9s au genou. Cette articulation doit &#8230; <a title=\"anatomie du genou\" class=\"read-more\" href=\"https:\/\/www.ortho-info.com\/?page_id=224\" aria-label=\"En savoir plus sur anatomie du genou\">Lire la suite<\/a><\/p>\n","protected":false},"author":1,"featured_media":0,"parent":31,"menu_order":0,"comment_status":"closed","ping_status":"open","template":"","meta":{"footnotes":""},"class_list":["post-224","page","type-page","status-publish"],"_links":{"self":[{"href":"https:\/\/www.ortho-info.com\/index.php?rest_route=\/wp\/v2\/pages\/224","targetHints":{"allow":["GET"]}}],"collection":[{"href":"https:\/\/www.ortho-info.com\/index.php?rest_route=\/wp\/v2\/pages"}],"about":[{"href":"https:\/\/www.ortho-info.com\/index.php?rest_route=\/wp\/v2\/types\/page"}],"author":[{"embeddable":true,"href":"https:\/\/www.ortho-info.com\/index.php?rest_route=\/wp\/v2\/users\/1"}],"replies":[{"embeddable":true,"href":"https:\/\/www.ortho-info.com\/index.php?rest_route=%2Fwp%2Fv2%2Fcomments&post=224"}],"version-history":[{"count":3,"href":"https:\/\/www.ortho-info.com\/index.php?rest_route=\/wp\/v2\/pages\/224\/revisions"}],"predecessor-version":[{"id":506,"href":"https:\/\/www.ortho-info.com\/index.php?rest_route=\/wp\/v2\/pages\/224\/revisions\/506"}],"up":[{"embeddable":true,"href":"https:\/\/www.ortho-info.com\/index.php?rest_route=\/wp\/v2\/pages\/31"}],"wp:attachment":[{"href":"https:\/\/www.ortho-info.com\/index.php?rest_route=%2Fwp%2Fv2%2Fmedia&parent=224"}],"curies":[{"name":"wp","href":"https:\/\/api.w.org\/{rel}","templated":true}]}}