{"id":218,"date":"2015-07-12T08:48:14","date_gmt":"2015-07-12T07:48:14","guid":{"rendered":"http:\/\/www.ortho-info.com\/?page_id=218"},"modified":"2023-09-25T11:50:19","modified_gmt":"2023-09-25T10:50:19","slug":"prothese-depaule","status":"publish","type":"page","link":"https:\/\/www.ortho-info.com\/?page_id=218","title":{"rendered":"La Proth\u00e8se d&rsquo;\u00e9paule"},"content":{"rendered":"<p>La proth\u00e8se d&rsquo;\u00e9paule est une des options chirurgicales de traitement des douleurs de l&rsquo;\u00e9paule. Sans avoir consult\u00e9 un chirurgien sp\u00e9cialiste de l&rsquo;\u00e9paule, il vous est impossible en lisant ces lignes de savoir si ce sera le bon traitement pour vous, car en effet toutes les douleurs de l&rsquo;\u00e9paule se ressemblent, et correspondent pourtant \u00e0 une multitude de pathologies diff\u00e9rentes qui ont toutes un traitement sp\u00e9cifique.<\/p>\n<p>Cependant il appara\u00eet important d&rsquo;oublier tous vos pr\u00e9jug\u00e9s sur la proth\u00e8se d&rsquo;\u00e9paule, et je tiens \u00e0 vous expliquer comment se d\u00e9roule l&rsquo;op\u00e9ration et ses suites si vous deviez en b\u00e9n\u00e9ficier:<\/p>\n<ul>\n<li>hospitalisation de courte dur\u00e9e, avec dans tous les cas un retour \u00e0 votre domicile d\u00e8s le lendemain de votre intervention;<\/li>\n<li>aucun s\u00e9jour en centre de r\u00e9\u00e9ducation;<\/li>\n<li>pas de r\u00e9\u00e9ducation en cabinet de kin\u00e9;<\/li>\n<li>aucune immobilisation de l&rsquo;\u00e9paule n&rsquo;est requise;<\/li>\n<li>vous ferez vous m\u00eame votre r\u00e9\u00e9ducation chez vous, \u00e0 votre rythme, en suivant les consignes que je vous aurais expliqu\u00e9 en consultations;<\/li>\n<li>utilisation du bras op\u00e9r\u00e9 d\u00e8s le lendemain de l&rsquo;intervention;<\/li>\n<li>conduite automobile possible d\u00e8s 20 jours post op\u00e9ratoire, suivant trajets \u00e0 parcourir et confort du v\u00e9hicule;<\/li>\n<li>reprise possible d&rsquo;une multitude de sports et activit\u00e9s de loisir;<\/li>\n<li>dans la plus grande majorit\u00e9 des cas, cette proth\u00e8se n&rsquo;aura pas \u00e0 \u00eatre chang\u00e9e et vous la garderez \u00e0 vie.<\/li>\n<\/ul>\n<p style=\"text-align: right;\"><em>Dr Jean-Louis MALLET<\/em><\/p>\n<p style=\"text-align: center;\"><span style=\"color: #ff0000;\"><strong><a href=\"https:\/\/www.ortho-info.com\/wp-content\/uploads\/2023\/09\/livret_epaule_online_edition.pdf\" target=\"_blank\" rel=\"noopener noreferrer\">cliquez ICI pour t\u00e9l\u00e9charger mon<br \/>\ne-book gratuit sur la proth\u00e8se d&rsquo;\u00e9paule<\/a><\/strong><\/span><\/p>\n<p style=\"text-align: center;\">Prenez rendez-vous par t\u00e9l\u00e9phone :<br \/>\n<span style=\"color: #ff0000;\"><a href=\"tel:0490513146\"><strong>04 90 51 31 46<\/strong><\/a><\/span><br \/>\nconsultations \u00e0 Orange<br \/>\net \u00e0 Bagnols-sur-C\u00e8ze<\/p>\n<p style=\"text-align: center;\"><iframe loading=\"lazy\" src=\"https:\/\/www.youtube.com\/embed\/oby9R2MYL2c?rel=0\" title=\"YouTube video player\" allow=\"accelerometer; autoplay; clipboard-write; encrypted-media; gyroscope; picture-in-picture; web-share\" allowfullscreen=\"\" width=\"560\" height=\"315\" frameborder=\"0\"><\/iframe><\/p>\n","protected":false},"excerpt":{"rendered":"<p>La proth\u00e8se d&rsquo;\u00e9paule est une des options chirurgicales de traitement des douleurs de l&rsquo;\u00e9paule. Sans avoir consult\u00e9 un chirurgien sp\u00e9cialiste de l&rsquo;\u00e9paule, il vous est impossible en lisant ces lignes de savoir si ce sera le bon traitement pour vous, car en effet toutes les douleurs de l&rsquo;\u00e9paule se ressemblent, et correspondent pourtant \u00e0 une &#8230; <a title=\"La Proth\u00e8se d&rsquo;\u00e9paule\" class=\"read-more\" href=\"https:\/\/www.ortho-info.com\/?page_id=218\" aria-label=\"En savoir plus sur La Proth\u00e8se d&rsquo;\u00e9paule\">Lire la suite<\/a><\/p>\n","protected":false},"author":1,"featured_media":0,"parent":38,"menu_order":0,"comment_status":"closed","ping_status":"open","template":"","meta":{"footnotes":""},"class_list":["post-218","page","type-page","status-publish"],"_links":{"self":[{"href":"https:\/\/www.ortho-info.com\/index.php?rest_route=\/wp\/v2\/pages\/218","targetHints":{"allow":["GET"]}}],"collection":[{"href":"https:\/\/www.ortho-info.com\/index.php?rest_route=\/wp\/v2\/pages"}],"about":[{"href":"https:\/\/www.ortho-info.com\/index.php?rest_route=\/wp\/v2\/types\/page"}],"author":[{"embeddable":true,"href":"https:\/\/www.ortho-info.com\/index.php?rest_route=\/wp\/v2\/users\/1"}],"replies":[{"embeddable":true,"href":"https:\/\/www.ortho-info.com\/index.php?rest_route=%2Fwp%2Fv2%2Fcomments&post=218"}],"version-history":[{"count":42,"href":"https:\/\/www.ortho-info.com\/index.php?rest_route=\/wp\/v2\/pages\/218\/revisions"}],"predecessor-version":[{"id":1608,"href":"https:\/\/www.ortho-info.com\/index.php?rest_route=\/wp\/v2\/pages\/218\/revisions\/1608"}],"up":[{"embeddable":true,"href":"https:\/\/www.ortho-info.com\/index.php?rest_route=\/wp\/v2\/pages\/38"}],"wp:attachment":[{"href":"https:\/\/www.ortho-info.com\/index.php?rest_route=%2Fwp%2Fv2%2Fmedia&parent=218"}],"curies":[{"name":"wp","href":"https:\/\/api.w.org\/{rel}","templated":true}]}}