{"id":212,"date":"2015-07-12T08:46:46","date_gmt":"2015-07-12T07:46:46","guid":{"rendered":"http:\/\/www.ortho-info.com\/?page_id=212"},"modified":"2016-06-06T14:02:38","modified_gmt":"2016-06-06T13:02:38","slug":"conflit-sous-acromial-2","status":"publish","type":"page","link":"https:\/\/www.ortho-info.com\/?page_id=212","title":{"rendered":"conflit sous acromial"},"content":{"rendered":"<h2>le conflit sous acromial en images<\/h2>\n<p><img loading=\"lazy\" decoding=\"async\" class=\"alignnone wp-image-550 size-medium\" src=\"https:\/\/www.ortho-info.com\/wp-content\/uploads\/2015\/07\/conflit_sous_acromial1-300x279.png\" alt=\"conflit_sous_acromial\" width=\"300\" height=\"279\" \/><img loading=\"lazy\" decoding=\"async\" class=\"alignnone wp-image-552 size-full\" src=\"https:\/\/www.ortho-info.com\/wp-content\/uploads\/2015\/07\/conflitdepres1.png\" alt=\"conflitdepres\" width=\"286\" height=\"229\" \/><img loading=\"lazy\" decoding=\"async\" class=\"alignnone wp-image-553 size-medium\" src=\"https:\/\/www.ortho-info.com\/wp-content\/uploads\/2015\/07\/image4370-300x218.png\" alt=\"image4370\" width=\"300\" height=\"218\" srcset=\"https:\/\/www.ortho-info.com\/wp-content\/uploads\/2015\/07\/image4370-300x218.png 300w, https:\/\/www.ortho-info.com\/wp-content\/uploads\/2015\/07\/image4370.png 315w\" sizes=\"auto, (max-width: 300px) 100vw, 300px\" \/><\/p>\n<p style=\"text-align: justify;\">Les douleurs permanentes de l&rsquo;\u00e9paule sont le plus souvent li\u00e9es \u00e0 un pincement des tendons de la coiffe des rotateurs sous l\u2019acromion, donnant des douleurs lancinantes, irradiant dans le cou et dans le bras, traduisant une inflammation de la bourse sous acromiale (espace de glissement entre les ces tendons et l&rsquo;os qui les surplombe comme un toit qu&rsquo;on appelle l&rsquo;acromion).<\/p>\n<p style=\"text-align: justify;\">Ce sont les mouvements r\u00e9p\u00e9t\u00e9s d&rsquo;\u00e9l\u00e9vation du bras au dessus de l&rsquo;\u00e9paule qui provoquent un frottement entre les tendons de la coiffe des rotateurs, et la face inf\u00e9rieure de l&rsquo;acromion. Sur la radiographie de droite ci dessus, repr\u00e9sentant une \u00e9paule gauche de face, on voit tr\u00e8s bien l&rsquo;excroissance osseuse responsable du frottement anormal sur les tendons de la coiffe des rotateurs.<\/p>\n<p style=\"text-align: justify;\">A l&rsquo;extr\u00eame, ces frottements peuvent aboutir \u00e0 la d\u00e9t\u00e9rioration des tendons (surtout le sus \u00e9pineux et le long biceps) qui peuvent se rompre, on parle alors de rupture de la coiffe des rotateurs.<\/p>\n<p style=\"text-align: justify;\">Le meilleur examen compl\u00e9mentaire d\u2019imagerie est l\u2019arthroscanner, qui gr\u00e2ce \u00e0 une injection d\u2019iode dans l\u2019articulation de l\u2019\u00e9paule permet de faire le bilan des l\u00e9sions.<\/p>\n<h2 style=\"text-align: justify;\">Les traitements possibles<\/h2>\n<p style=\"text-align: justify;\">Le traitement m\u00e9dical associe: repos, bras en \u00e9charpe, antalgiques<br \/>\ndans un deuxi\u00e8me temps, on peut proposer une \u00e0 deux infiltrations de cortisone (puissant anti-inflammatoire) directement au contact de ces tendons pour limiter leur inflammation. Cette infiltration sera r\u00e9alis\u00e9 dans la salle d&rsquo;intervention de notre Centre Chirurgical de L&rsquo;ARTHROSE.<\/p>\n<p style=\"text-align: justify;\">La r\u00e9\u00e9ducation sp\u00e9cifique tient aussi une place importante en renfor\u00e7ant les muscles qui \u00ab\u00a0tirent\u00a0\u00bb l&rsquo;\u00e9paule vers le bas (cela s&rsquo;appelle la d\u00e9coaptation).<\/p>\n<p style=\"text-align: justify;\">En cas de r\u00e9sistance \u00e0 ces traitements m\u00e9dicaux, et en pr\u00e9sence d&rsquo;un acromion agressif, le traitement chirurgical toujours arthroscopique, permet par deux petites incisions de 6 mm de raboter l&rsquo;ar\u00eate de l&rsquo;os qui vient frotter sur ces tendons, c&rsquo;est l&rsquo;acromioplastie. En cas de d\u00e9chirures des tendons, ceux ci seront r\u00e9par\u00e9s dans plus de 80% des cas par arthroscopie.<\/p>\n<p style=\"text-align: justify;\"><iframe loading=\"lazy\" src=\"https:\/\/www.youtube.com\/embed\/rYpA7cOC2jw?rel=0&amp;showinfo=0\" width=\"420\" height=\"315\" frameborder=\"0\" allowfullscreen=\"allowfullscreen\"><\/iframe><\/p>\n<p style=\"text-align: justify;\">Ce geste r\u00e9alis\u00e9 sous anesth\u00e9sie g\u00e9n\u00e9rale, n\u00e9cessite une hospitalisation de moins de 24 heures, et doit \u00eatre suivi d&rsquo;une r\u00e9\u00e9ducation imm\u00e9diate (en cabinet de ville, mais aussi \u00e0 la maison), afin d&#8217;emp\u00eacher tout enraidissement de l&rsquo;\u00e9paule.<\/p>\n<p style=\"text-align: justify;\">En l&rsquo;absence de d\u00e9chirure des tendons, l&rsquo;\u00e9paule doit \u00eatre mobilis\u00e9e imm\u00e9diatement en post-op\u00e9ratoire.<\/p>\n<h2 style=\"text-align: justify;\">Les complications<\/h2>\n<p style=\"text-align: justify;\">Les complications sp\u00e9cifiques de la chirurgie arthroscopique du conflit sous acromial sont:<\/p>\n<ol style=\"text-align: justify;\">\n<li>principalement l&rsquo;algodystrophie, d\u00e9sormais appel\u00e9e \u00ab\u00a0syndrome r\u00e9gional douloureux complexe de type II\u00a0\u00bb, qui est possible comme pour toute chirurgie des membres. Son explication est complexe, plus fr\u00e9quente sur un terrain anxio-d\u00e9pressif ou en contexte chirurgical p\u00e9joratif (implication socio-professionnelle notamment, type \u00ab\u00a0maladie professionnelle\u00a0\u00bb ou \u00ab\u00a0accident du travail\u00a0\u00bb). Son traitement est long, et n\u00e9c\u00e9ssitera une consultation de sp\u00e9cialiste de la douleur: l&rsquo;algologue. L&rsquo;algodystrophie gu\u00e9rit toujours, et peut parfois laisser des s\u00e9quelles de type raideur articulaire.<\/li>\n<li>le risque de raideur fonctionnelle de l&rsquo;\u00e9paule, en cas de mauvaise r\u00e9\u00e9ducation post op\u00e9ratoire, surtout si le patient garde son bras immobilis\u00e9 trop longtemps. Si il n&rsquo;y a pas de r\u00e9insertion tendineuse associ\u00e9e \u00e0 l&rsquo;acromioplastie arthroscopique, cette chirurgie ne fragilise pas la coiffe et il est n\u00e9c\u00e9ssaire de bouger l&rsquo;\u00e9paule imm\u00e9diatement en post-op\u00e9ratoire, en amplitude maximale d&#8217;embl\u00e9e, par un travail en cabinet de r\u00e9\u00e9ducation et toutes les heures par la reproduction de gestes simples d&rsquo;auto-r\u00e9\u00e9ducation.<\/li>\n<li>le risque infectieux existe comme pour toute chirurgie. Il est tr\u00e8s rare car l&rsquo;op\u00e9ration sous arthroscopie se fait dans un circuit d&rsquo;eau continu; si infection il y a elle sera sans gravit\u00e9, car il n&rsquo;y a pas de geste osseux ni de pose de mat\u00e9riel inerte.<\/li>\n<li>le risque de rupture it\u00e9rative de coiffe est proportionnel \u00e0 la taille de la rupture initiale, d&rsquo;ou l&rsquo;importance de ne pas trop attendre pour r\u00e9parer une rupture de coiffe.<\/li>\n<\/ol>\n<p style=\"text-align: justify;\">Les complications g\u00e9n\u00e9rales de la chirurgie sont exhaustivement d\u00e9taill\u00e9es au chapitre <a href=\"https:\/\/www.ortho-info.com\/?page_id=78\">complications<\/a>.<\/p>\n<h2 style=\"text-align: justify;\">R\u00e9f\u00e9rences Bibliographiques &amp; Liens Externes<\/h2>\n<div id=\"biblio\">\n<p style=\"text-align: justify;\"><span style=\"font-family: Verdana; font-size: small;\"><strong><br \/>\nELLMAN H KAY SP WIRTH M. <\/strong>Arthroscopic treatment of full thickness rotator cuff tears : 2 to 7 year follow-up study. Arthroscopy, 9 : 195-200, 1993.<\/span><\/p>\n<p style=\"text-align: justify;\"><span style=\"font-family: Verdana; font-size: small;\"><strong>GARTSMAN GM KHAAN M HAMMERMAN SM.<\/strong> Arthroscopic repair of full-thickness tears of the rotator cuff. J Bone J Surg, 80A : 832-40, 1998.<\/span><\/p>\n<p style=\"text-align: justify;\"><span style=\"font-family: Verdana; font-size: small;\"><strong>GARTSMAN GM<\/strong> : Arthroscopic acromioplasty for lesions of the rotator cuff. JBJS Am 72 : 169, 1990.<\/span><\/p>\n<p style=\"text-align: justify;\"><span style=\"font-family: Verdana; font-size: small;\"><strong>GAZIELLY DF, GLEYZE P, MONTAGNON C, et al<\/strong> : arthroscopic repair of distal supraspinatus tears with Revo screw and permanent mattress sutures : a preliminary reports. Presented at the 12<sup>th<\/sup> Annual American Shoulder and Elbow Surgeons Meeting Santa Fe, NM, June, 1996.<\/span><\/p>\n<p style=\"text-align: justify;\"><span style=\"font-family: Verdana; font-size: small;\"><strong>GERBER C SCHNEEBERGER AG BECK M.<\/strong> Mechanical strength of repairs of the rotator cuff. J Bone J Surg 76B : 371-380, 1994.<\/span><\/p>\n<p style=\"text-align: justify;\"><span style=\"font-family: Verdana; font-size: small;\"><strong>GLEYZE P. THOMAZEAU H. FLURIN P.H. LAFOSSE L. GAZIELLY D.F. ALLARD M.<\/strong> et la soci\u00e9t\u00e9 Fran\u00e7aise d&rsquo;arthroscopie. <\/span><span style=\"font-family: Verdana; font-size: small;\">R\u00e9paration endoscopique des ruptures de la coiffe des rotateurs. <\/span><span style=\"font-family: Verdana; font-size: small;\">Revue de chirurgie orthop\u00e9dique, 86, 566-574 ;2000.<\/span><\/p>\n<p style=\"text-align: justify;\"><span style=\"font-family: Verdana; font-size: small;\"><strong>KEMPF JF BONNOMET F WALCH G MOLE D FRANK A BEAUFILS P LEVIGNE C RIO B JAFFE A.<\/strong> A multicenter study of 210 rotator cuff tears treated by arthroscoic acromioplasty. Arthroscopy, 15 <sup>(1)<\/sup> 56-66, 1999.<\/span><\/p>\n<p style=\"text-align: justify;\"><span style=\"font-family: Verdana; font-size: small;\"><strong>LEVY HJ , URIBE JW, DELANEY LG<\/strong> : Arthroscopic assisted rotator cuff repair : preliminary results. Arthroscopy, 6, 55-60, 1990.<\/span><\/p>\n<p style=\"text-align: justify;\"><span style=\"font-family: Verdana; font-size: small;\"><strong>MILLER C, SAVOIE FH <\/strong>: Glenohumeral abnormalities associated with full-thickness tears of the rotator cuff. Orthop Rev 21 : 116-120, 1994.<\/span><\/p>\n<p style=\"text-align: justify;\"><span style=\"font-family: Verdana; font-size: small;\"><strong>NEER CS II , FLATOW EL, LECH O<\/strong> : Tears of the rotator cuff : long term results of anterior acromioplasty and repair. Orthop Trans 12 : 735, 1988.<\/span><\/p>\n<p style=\"text-align: justify;\"><span style=\"font-family: Verdana; font-size: small;\"><strong>NORBERG FB, FIELD LD, SAVOIE FH3rd<\/strong> : Repair of the rotator cuff. Mini open and arthroscopic repair. Clin Sports Med 19 : 77-99, 2000.<\/span><\/p>\n<p style=\"text-align: justify;\"><span style=\"font-family: Verdana; font-size: small;\"><strong>OGILVIE-HARRIS DJ DEMAZIERE A.<\/strong> Arthroscopic debridement versus open repair for rotator cuff tears 1 to 4 cm in size : a prospective cohort study. J Bone J Surg 75B, : 416-420, 1993.<\/span><\/p>\n<p style=\"text-align: justify;\"><span style=\"font-family: Verdana; font-size: small;\"><strong>OLSEWSKI JM DEPUY AD. <\/strong>Arthroscopic subacromial decompression and rotator cuff debridement for stage II and III impigement. Arthroscopy, 10 :61-68, 1994.<\/span><\/p>\n<p style=\"text-align: justify;\"><span style=\"font-family: Verdana; font-size: small;\"><strong>PAULOS LE, KODY MH <\/strong>: Arthroscopically enhanced \u00abminiapproach\u00bb to rotator cuff repair. Am J Sports Med, 22 : 19-25, 1994.<\/span><\/p>\n<p style=\"text-align: justify;\"><span style=\"font-family: Verdana; font-size: small;\"><strong>REED SC, GLOSSOP N, OGILVIE-HARRIS DJ<\/strong> : Full thickness rotator cuff tears\/ a biomechanical comparison of suture vs bone anchor techniques. Am J Sports Med 24 : 46-48, 1996.<\/span><\/p>\n<p style=\"text-align: justify;\"><span style=\"font-family: Verdana; font-size: small;\"><strong>SNYDER SJ, BACHNER EJ <\/strong>: arthroscopic fixation of rotator cuff tears with miniature screw anchors and permanent mattress sutures : a preliminary report. Presented at the American Shoulder and Elbow Surgeons Annual Meeting, Williamsburg, Va, October 30, 1993.<\/span><\/p>\n<p style=\"text-align: justify;\"><span style=\"font-family: Verdana; font-size: small;\"><strong>SNYDER SJ.<\/strong> Technique of arthroscopic rotator cuff repair using implantatble 4 mm revo suture shuttle relays, and N\u00b02 non absorbable mattress sutures. Orthop Clinic North Am, 28 : 267-274, 1997.<\/span><\/p>\n<p style=\"text-align: justify;\"><span style=\"font-family: Verdana; font-size: small;\"><strong>STOLLSTEIMER GT, SAVOIE FH. <\/strong>Arthroscopic rotator cuff repair : current indications, limitations, tyechniques, and results. Instructional course lectures. 47 :59-65 , 1998.<\/span><\/p>\n<p style=\"text-align: justify;\"><span style=\"font-family: Verdana; font-size: small;\"><strong>TAURO JC <\/strong>Arthroscopic rotator cuff repair : analysis of technique and results at 2 and 3 years follow-up. Arthroscopy, 14 : 45-51, 1998.<\/span><\/p>\n<p style=\"text-align: justify;\"><span style=\"font-family: Verdana; font-size: small;\"><strong>WARNER JJP, GOITZ RJ<\/strong>, Arthroscopic-assisted rotator cuff repair : patient selection and treatment outcome. J Shoulder Elbow Surg , 6 : 463-72, 1997.<\/span><\/p>\n<p style=\"text-align: justify;\"><strong><span style=\"font-family: Verdana; font-size: small;\">ZVIJAC JE LEVY HJ LEMAK LJ<\/span><\/strong><span style=\"font-family: Verdana; font-size: small;\">. Arthroscopic subacromial decompression in the treatment of full thickness rotator cuff tears : a 3 to 6 years follow-up study. Arthroscopy, 10 : 518-523, 1994.<\/span><\/p>\n<\/div>\n","protected":false},"excerpt":{"rendered":"<p>le conflit sous acromial en images Les douleurs permanentes de l&rsquo;\u00e9paule sont le plus souvent li\u00e9es \u00e0 un pincement des tendons de la coiffe des rotateurs sous l\u2019acromion, donnant des douleurs lancinantes, irradiant dans le cou et dans le bras, traduisant une inflammation de la bourse sous acromiale (espace de glissement entre les ces tendons &#8230; <a title=\"conflit sous acromial\" class=\"read-more\" href=\"https:\/\/www.ortho-info.com\/?page_id=212\" aria-label=\"En savoir plus sur conflit sous acromial\">Lire la suite<\/a><\/p>\n","protected":false},"author":1,"featured_media":0,"parent":38,"menu_order":0,"comment_status":"closed","ping_status":"open","template":"","meta":{"footnotes":""},"class_list":["post-212","page","type-page","status-publish"],"_links":{"self":[{"href":"https:\/\/www.ortho-info.com\/index.php?rest_route=\/wp\/v2\/pages\/212","targetHints":{"allow":["GET"]}}],"collection":[{"href":"https:\/\/www.ortho-info.com\/index.php?rest_route=\/wp\/v2\/pages"}],"about":[{"href":"https:\/\/www.ortho-info.com\/index.php?rest_route=\/wp\/v2\/types\/page"}],"author":[{"embeddable":true,"href":"https:\/\/www.ortho-info.com\/index.php?rest_route=\/wp\/v2\/users\/1"}],"replies":[{"embeddable":true,"href":"https:\/\/www.ortho-info.com\/index.php?rest_route=%2Fwp%2Fv2%2Fcomments&post=212"}],"version-history":[{"count":8,"href":"https:\/\/www.ortho-info.com\/index.php?rest_route=\/wp\/v2\/pages\/212\/revisions"}],"predecessor-version":[{"id":902,"href":"https:\/\/www.ortho-info.com\/index.php?rest_route=\/wp\/v2\/pages\/212\/revisions\/902"}],"up":[{"embeddable":true,"href":"https:\/\/www.ortho-info.com\/index.php?rest_route=\/wp\/v2\/pages\/38"}],"wp:attachment":[{"href":"https:\/\/www.ortho-info.com\/index.php?rest_route=%2Fwp%2Fv2%2Fmedia&parent=212"}],"curies":[{"name":"wp","href":"https:\/\/api.w.org\/{rel}","templated":true}]}}