{"id":209,"date":"2015-07-12T08:46:15","date_gmt":"2015-07-12T07:46:15","guid":{"rendered":"http:\/\/www.ortho-info.com\/?page_id=209"},"modified":"2020-06-16T08:02:36","modified_gmt":"2020-06-16T07:02:36","slug":"calcifications-de-lepaule","status":"publish","type":"page","link":"https:\/\/www.ortho-info.com\/?page_id=209","title":{"rendered":"calcifications de l&rsquo;\u00e9paule"},"content":{"rendered":"<h2 id=\"bandeau\">\u00a0Vid\u00e9o op\u00e9ratoire : voici ce qu&rsquo;est une calcification<\/h2>\n<div id=\"casemenu\"><!--?php include 'menuderoulant.html';?--><\/div>\n<p><iframe loading=\"lazy\" src=\"https:\/\/www.youtube.com\/embed\/o8OURdpl8-o\" width=\"560\" height=\"315\" frameborder=\"0\" allowfullscreen=\"allowfullscreen\"><\/iframe><\/p>\n<div><\/div>\n<div id=\"contenu\">Le plus souvent localis\u00e9es\u00a0 dans l&rsquo;\u00e9paisseur du tendon sus \u00e9pineux, leur origine est contest\u00e9e, voire inconnue; elles touchent plus souvent les femmes, et se traduisent par des douleurs tr\u00e8s importantes de l&rsquo;\u00e9paule, irradiant dans tout le bras; mais dans la quasi majorit\u00e9 des cas le tendon n&rsquo;est pas d\u00e9chir\u00e9. Elle sont sans rapport avec les activit\u00e9s sportives ou professionnelles.<br \/>\nAttention ! il peut exister une calcification de d\u00e9couverte fortuite, sans aucun signe clinique, et l\u00e0 il n&rsquo;y a rien \u00e0 faire, et inutile de s&rsquo;en<\/p>\n<figure id=\"attachment_555\" aria-describedby=\"caption-attachment-555\" style=\"width: 280px\" class=\"wp-caption alignright\"><img loading=\"lazy\" decoding=\"async\" class=\"wp-image-555 size-medium\" src=\"https:\/\/www.ortho-info.com\/wp-content\/uploads\/2015\/07\/calcif1-290x300.jpg\" alt=\"calcification du sus \u00e9pineux\" width=\"290\" height=\"300\" \/><figcaption id=\"caption-attachment-555\" class=\"wp-caption-text\">calcification du sus \u00e9pineux<\/figcaption><\/figure>\n<p>inqui\u00e9ter.<br \/>\nC&rsquo;est uniquement la douleur qui motivera le traitement de cette calcification:<br \/>\nle traitement initial est m\u00e9dical:\u00a0 antalgiques, anti-inflammatoires par voie g\u00e9n\u00e9rale (AINS) ou locale (infiltration de cortisone, surtout en cas de crise tr\u00e8s douloureuse). Il ne faut pas immobiliser l&rsquo;\u00e9paule, au risque de provoquer un enraidissement de celle-ci, qui sera tr\u00e8s long \u00e0 r\u00e9cup\u00e9rer.<br \/>\nLes ultrasons peuvent \u00eatre utilis\u00e9s \u00e0 titre antalgique,pour traiter les petites calcifications, mais ne permettent pas leur \u00e9limination du corps.<br \/>\nEn cas d&rsquo;\u00e9chec de ces traitements, ou en cas de grosse calcification sur une \u00e9paule douloureuse, la chirurgie arthroscopique permet d&rsquo;aller \u00e9vacuer ces calcifications, de les retirer d\u00e9finitivement du corps, et parfois d&rsquo;\u00e9largir leur couloir de glissement (acromioplastie). L&rsquo;intervention est toujours r\u00e9alis\u00e9e en ambulatoire, et ne n\u00e9cessite aucune immobilisation post-op\u00e9ratoire. La mobilisation du bras est possible d\u00e8s le lendemain de l&rsquo;intervention, par le patient lui m\u00eame.<\/p>\n<h1>Les complications<\/h1>\n<p>Les complications sp\u00e9cifiques de la chirurgie arthroscopique des calcifications sont:<br \/>\n&#8211; principalement l&rsquo;algodystrophie, d\u00e9sormais appel\u00e9e \u00ab\u00a0syndrome r\u00e9gional douloureux complexe de type II\u00a0\u00bb, qui est possible comme pour toute chirurgie des membres. Son explication est complexe, plus fr\u00e9quente sur un terrain anxio-d\u00e9pressif ou en contexte chirurgical p\u00e9joratif (implication socio-professionnelle notamment, type \u00ab\u00a0maladie professionnelle\u00a0\u00bb ou \u00ab\u00a0accident du travail\u00a0\u00bb). Son traitement est long, et n\u00e9c\u00e9ssitera une consultation de sp\u00e9cialiste de la douleur: l&rsquo;algologue. L&rsquo;algodystrophie gu\u00e9rit toujours, et peut parfois laisser des s\u00e9quelles de type raideur articulaire.<br \/>\n&#8211; le risque de raideur fonctionnelle de l&rsquo;\u00e9paule, en cas de mauvaise r\u00e9\u00e9ducation post op\u00e9ratoire, surtout si le patient garde son bras immobilis\u00e9 trop longtemps. Cette chirurgie ne fragilise pas la coiffe et il est n\u00e9c\u00e9ssaire de bouger l&rsquo;\u00e9paule imm\u00e9diatement en post-op\u00e9ratoire, en amplitude maximale d&#8217;embl\u00e9e, par un travail en cabinet de r\u00e9\u00e9ducation et toutes les heures par la reproduction de gestes simples d&rsquo;auto-r\u00e9\u00e9ducation.<br \/>\n&#8211; le risque infectieux existe comme pour toute chirurgie. Il est tr\u00e8s rare car l&rsquo;op\u00e9ration sous arthroscopie se fait dans un circuit d&rsquo;eau continu; si infection il y a elle sera sans gravit\u00e9, car il n&rsquo;y a pas de geste osseux ni de pose de mat\u00e9riel inerte.<\/p>\n<p>Les complications g\u00e9n\u00e9rales de la chirurgie sont exhaustivement d\u00e9taill\u00e9es au chapitre <a href=\"file:\/\/\/C:\/Users\/mallet\/Documents\/site%20web%20bougersansdouleur\/bougersansdouleur%202.0\/complications.php\">complications<\/a>.<\/p>\n<\/div>\n<div id=\"piedpage\"><!--?php include 'piedepage.html';?--><\/div>\n","protected":false},"excerpt":{"rendered":"<p>\u00a0Vid\u00e9o op\u00e9ratoire : voici ce qu&rsquo;est une calcification Le plus souvent localis\u00e9es\u00a0 dans l&rsquo;\u00e9paisseur du tendon sus \u00e9pineux, leur origine est contest\u00e9e, voire inconnue; elles touchent plus souvent les femmes, et se traduisent par des douleurs tr\u00e8s importantes de l&rsquo;\u00e9paule, irradiant dans tout le bras; mais dans la quasi majorit\u00e9 des cas le tendon n&rsquo;est &#8230; <a title=\"calcifications de l&rsquo;\u00e9paule\" class=\"read-more\" href=\"https:\/\/www.ortho-info.com\/?page_id=209\" aria-label=\"En savoir plus sur calcifications de l&rsquo;\u00e9paule\">Lire la suite<\/a><\/p>\n","protected":false},"author":1,"featured_media":0,"parent":38,"menu_order":0,"comment_status":"closed","ping_status":"open","template":"","meta":{"footnotes":""},"class_list":["post-209","page","type-page","status-publish"],"_links":{"self":[{"href":"https:\/\/www.ortho-info.com\/index.php?rest_route=\/wp\/v2\/pages\/209","targetHints":{"allow":["GET"]}}],"collection":[{"href":"https:\/\/www.ortho-info.com\/index.php?rest_route=\/wp\/v2\/pages"}],"about":[{"href":"https:\/\/www.ortho-info.com\/index.php?rest_route=\/wp\/v2\/types\/page"}],"author":[{"embeddable":true,"href":"https:\/\/www.ortho-info.com\/index.php?rest_route=\/wp\/v2\/users\/1"}],"replies":[{"embeddable":true,"href":"https:\/\/www.ortho-info.com\/index.php?rest_route=%2Fwp%2Fv2%2Fcomments&post=209"}],"version-history":[{"count":6,"href":"https:\/\/www.ortho-info.com\/index.php?rest_route=\/wp\/v2\/pages\/209\/revisions"}],"predecessor-version":[{"id":556,"href":"https:\/\/www.ortho-info.com\/index.php?rest_route=\/wp\/v2\/pages\/209\/revisions\/556"}],"up":[{"embeddable":true,"href":"https:\/\/www.ortho-info.com\/index.php?rest_route=\/wp\/v2\/pages\/38"}],"wp:attachment":[{"href":"https:\/\/www.ortho-info.com\/index.php?rest_route=%2Fwp%2Fv2%2Fmedia&parent=209"}],"curies":[{"name":"wp","href":"https:\/\/api.w.org\/{rel}","templated":true}]}}