{"id":206,"date":"2015-07-12T08:45:50","date_gmt":"2015-07-12T07:45:50","guid":{"rendered":"http:\/\/www.ortho-info.com\/?page_id=206"},"modified":"2015-07-13T11:06:17","modified_gmt":"2015-07-13T10:06:17","slug":"anatomie-de-lepaule","status":"publish","type":"page","link":"https:\/\/www.ortho-info.com\/?page_id=206","title":{"rendered":"anatomie de l&rsquo;\u00e9paule"},"content":{"rendered":"<p><a href=\"https:\/\/www.ortho-info.com\/wp-content\/uploads\/2015\/07\/anatomie_epaule_face.png\"><img loading=\"lazy\" decoding=\"async\" class=\"alignnone size-medium wp-image-136\" src=\"https:\/\/www.ortho-info.com\/wp-content\/uploads\/2015\/07\/anatomie_epaule_face-300x245.png\" alt=\"anatomie_epaule_face\" width=\"300\" height=\"245\" srcset=\"https:\/\/www.ortho-info.com\/wp-content\/uploads\/2015\/07\/anatomie_epaule_face-300x245.png 300w, https:\/\/www.ortho-info.com\/wp-content\/uploads\/2015\/07\/anatomie_epaule_face.png 400w\" sizes=\"auto, (max-width: 300px) 100vw, 300px\" \/><\/a><a href=\"https:\/\/www.ortho-info.com\/wp-content\/uploads\/2015\/07\/anatomie_epaule_profil.png\"><img loading=\"lazy\" decoding=\"async\" class=\"alignnone size-medium wp-image-140\" src=\"https:\/\/www.ortho-info.com\/wp-content\/uploads\/2015\/07\/anatomie_epaule_profil-287x300.png\" alt=\"anatomie_epaule_profil\" width=\"287\" height=\"300\" srcset=\"https:\/\/www.ortho-info.com\/wp-content\/uploads\/2015\/07\/anatomie_epaule_profil-287x300.png 287w, https:\/\/www.ortho-info.com\/wp-content\/uploads\/2015\/07\/anatomie_epaule_profil.png 308w\" sizes=\"auto, (max-width: 287px) 100vw, 287px\" \/><\/a><a href=\"https:\/\/www.ortho-info.com\/wp-content\/uploads\/2015\/07\/anatomie_epaule_posterieure.png\"><img loading=\"lazy\" decoding=\"async\" class=\"alignnone size-medium wp-image-138\" src=\"https:\/\/www.ortho-info.com\/wp-content\/uploads\/2015\/07\/anatomie_epaule_posterieure-300x250.png\" alt=\"anatomie_epaule_posterieure\" width=\"300\" height=\"250\" srcset=\"https:\/\/www.ortho-info.com\/wp-content\/uploads\/2015\/07\/anatomie_epaule_posterieure-300x250.png 300w, https:\/\/www.ortho-info.com\/wp-content\/uploads\/2015\/07\/anatomie_epaule_posterieure.png 400w\" sizes=\"auto, (max-width: 300px) 100vw, 300px\" \/><\/a><\/p>\n<div id=\"casemenu\"><!--?php include 'menuderoulant.html';?--><\/div>\n<div id=\"contenu\">\n<h2>Les pi\u00e8ces osseuses constituant l&rsquo;\u00e9paule sont:<\/h2>\n<p>&#8211; la clavicule (6) et l&rsquo;acromion (7)<br \/>\n&#8211; l&rsquo;omoplate (2) et l&rsquo;hum\u00e9rus (1)<br \/>\nL&rsquo;acromion fait partie de l&rsquo;omoplate, c&rsquo;est l&rsquo;os de \u00ab\u00a0l&rsquo;\u00e9paulette\u00a0\u00bb qu&rsquo;on sent sous la peau \u00e0 la face externe de l&rsquo;\u00e9paule.<br \/>\nLa coraco\u00efde elle aussi fait partie de l&rsquo;omoplate, on peut la sentir en appuyant fort sur l&rsquo;avant de l&rsquo;\u00e9paule.<br \/>\nLe ligament coraco-acromial relie la coraco\u00efde et l&rsquo;acromion. Il peut \u00eatre en partie responsable de l&rsquo;usure des tendons de la coiffe des rotateurs.<\/p>\n<h2>Les muscles principaux sont :<\/h2>\n<p>&#8211; le delto\u00efde en superficie (ici en transparence) qui constitue le muscle principal de la force de l&rsquo;\u00e9paule<br \/>\n&#8211; le sous scapulaire (9) en avant de l&rsquo;omoplate, rotateur interne (muscle du \u00ab\u00a0bras de fer\u00a0\u00bb<br \/>\n&#8211; le biceps brachial (4) dont le tendon repr\u00e9sent\u00e9 en vert passe dans l&rsquo;articulation de l&rsquo;\u00e9paule<br \/>\n&#8211; le sus \u00e9pineux (3) sous le delto\u00efde, reliant l&rsquo;omoplate \u00e0 l&rsquo;hum\u00e9rus.<\/p>\n<h2>La coiffe des rotateurs :<\/h2>\n<p>c&rsquo;est un ensemble compos\u00e9 principalement de quatre tendons, coll\u00e9s les uns aux autres, et constituant une nappe tendineuse, ou \u00ab\u00a0coiffe\u00a0\u00bb qui entoure la t\u00eate de l&rsquo;hum\u00e9rus. Ces tendons sont la terminaison de muscles ins\u00e9r\u00e9s sur l\u2019omoplate:<br \/>\n&#8211; le sous scapulaire (8)\u00a0 en avant, rotateur interne<br \/>\n&#8211; le sus \u00e9pineux (3) au dessus, \u00e9l\u00e9vateur et recentreur de l&rsquo;\u00e9paule<br \/>\n&#8211; le sous \u00e9pineux (10) en arri\u00e8re, rotateur externe<br \/>\n&#8211; le tendon du long biceps (5)<br \/>\nces tendons sont fragiles, et peuvent pr\u00e9senter des signes de calcification, d&rsquo;usure, voire de rupture.<\/p>\n<h2>Qu\u2019est ce que la capsule articulaire de l\u2019\u00e9paule ?<\/h2>\n<p>L&rsquo;articulation de l&rsquo;\u00e9paule, tr\u00e8s mobile est compos\u00e9e d&rsquo;une capsule qui relie l&rsquo;hum\u00e9rus \u00e0 l&rsquo;omoplate. En cas de traumatisme violent (luxation d&rsquo;\u00e9paule), il se produit une d\u00e9chirure de cette capsule, au niveau du bourrelet gl\u00e9no\u00efdien, qui, mal soign\u00e9e, aboutit \u00e0 une mauvaise cicatrisation, et des \u00e9pisodes d&rsquo;instabilit\u00e9, voire de luxations r\u00e9cidivantes.<\/p>\n<\/div>\n","protected":false},"excerpt":{"rendered":"<p>Les pi\u00e8ces osseuses constituant l&rsquo;\u00e9paule sont: &#8211; la clavicule (6) et l&rsquo;acromion (7) &#8211; l&rsquo;omoplate (2) et l&rsquo;hum\u00e9rus (1) L&rsquo;acromion fait partie de l&rsquo;omoplate, c&rsquo;est l&rsquo;os de \u00ab\u00a0l&rsquo;\u00e9paulette\u00a0\u00bb qu&rsquo;on sent sous la peau \u00e0 la face externe de l&rsquo;\u00e9paule. La coraco\u00efde elle aussi fait partie de l&rsquo;omoplate, on peut la sentir en appuyant fort sur &#8230; <a title=\"anatomie de l&rsquo;\u00e9paule\" class=\"read-more\" href=\"https:\/\/www.ortho-info.com\/?page_id=206\" aria-label=\"En savoir plus sur anatomie de l&rsquo;\u00e9paule\">Lire la suite<\/a><\/p>\n","protected":false},"author":1,"featured_media":0,"parent":38,"menu_order":0,"comment_status":"closed","ping_status":"open","template":"","meta":{"footnotes":""},"class_list":["post-206","page","type-page","status-publish"],"_links":{"self":[{"href":"https:\/\/www.ortho-info.com\/index.php?rest_route=\/wp\/v2\/pages\/206","targetHints":{"allow":["GET"]}}],"collection":[{"href":"https:\/\/www.ortho-info.com\/index.php?rest_route=\/wp\/v2\/pages"}],"about":[{"href":"https:\/\/www.ortho-info.com\/index.php?rest_route=\/wp\/v2\/types\/page"}],"author":[{"embeddable":true,"href":"https:\/\/www.ortho-info.com\/index.php?rest_route=\/wp\/v2\/users\/1"}],"replies":[{"embeddable":true,"href":"https:\/\/www.ortho-info.com\/index.php?rest_route=%2Fwp%2Fv2%2Fcomments&post=206"}],"version-history":[{"count":3,"href":"https:\/\/www.ortho-info.com\/index.php?rest_route=\/wp\/v2\/pages\/206\/revisions"}],"predecessor-version":[{"id":493,"href":"https:\/\/www.ortho-info.com\/index.php?rest_route=\/wp\/v2\/pages\/206\/revisions\/493"}],"up":[{"embeddable":true,"href":"https:\/\/www.ortho-info.com\/index.php?rest_route=\/wp\/v2\/pages\/38"}],"wp:attachment":[{"href":"https:\/\/www.ortho-info.com\/index.php?rest_route=%2Fwp%2Fv2%2Fmedia&parent=206"}],"curies":[{"name":"wp","href":"https:\/\/api.w.org\/{rel}","templated":true}]}}