{"id":1018,"date":"2019-06-27T08:07:56","date_gmt":"2019-06-27T07:07:56","guid":{"rendered":"http:\/\/www.ortho-info.com\/?page_id=1018"},"modified":"2025-10-12T17:20:33","modified_gmt":"2025-10-12T16:20:33","slug":"hanche-genou","status":"publish","type":"page","link":"https:\/\/www.ortho-info.com\/?page_id=1018","title":{"rendered":""},"content":{"rendered":"<h3 style=\"text-align: center;\">\n<h2 style=\"text-align: center;\">Vid\u00e9o explicative principale<\/h2>\n<p style=\"text-align: center;\"><iframe loading=\"lazy\" src=\"https:\/\/www.youtube.com\/embed\/epsJ2P6aJHY?rel=0\" width=\"560\" height=\"315\" frameborder=\"0\" allowfullscreen=\"allowfullscreen\"><\/iframe><\/p>\n<h2 style=\"text-align: center;\">Comment se lever du lit tout seul ?<\/h2>\n<p style=\"text-align: center;\"><iframe loading=\"lazy\" title=\"Se lever tout seul le lendemain d&#039;une proth\u00e8se de hanche ou du genou\" width=\"1200\" height=\"675\" src=\"https:\/\/www.youtube.com\/embed\/GmVwM5OcnWs?feature=oembed\" frameborder=\"0\" allow=\"accelerometer; autoplay; clipboard-write; encrypted-media; gyroscope; picture-in-picture; web-share\" referrerpolicy=\"strict-origin-when-cross-origin\" allowfullscreen><\/iframe><\/p>\n<p style=\"text-align: center;\"><iframe loading=\"lazy\" title=\"astuce pour se lever du lit le lendemain de la proth\u00e8se de hanche ou de genou\" width=\"563\" height=\"1000\" src=\"https:\/\/www.youtube.com\/embed\/SMph_srQNPI?feature=oembed\" frameborder=\"0\" allow=\"accelerometer; autoplay; clipboard-write; encrypted-media; gyroscope; picture-in-picture; web-share\" referrerpolicy=\"strict-origin-when-cross-origin\" allowfullscreen><\/iframe><\/p>\n<h2><\/h2>\n<h2 style=\"text-align: center;\">Comment bien marcher avec la proth\u00e8se de hanche ou du genou ?<\/h2>\n<p>&nbsp;<\/p>\n<p style=\"text-align: center;\"><iframe loading=\"lazy\" title=\"les premiers pas apr\u00e8s une proth\u00e8se de hanche ou de genou\" width=\"563\" height=\"1000\" src=\"https:\/\/www.youtube.com\/embed\/finPgpr0meA?feature=oembed\" frameborder=\"0\" allow=\"accelerometer; autoplay; clipboard-write; encrypted-media; gyroscope; picture-in-picture; web-share\" referrerpolicy=\"strict-origin-when-cross-origin\" allowfullscreen><\/iframe><\/p>\n<p style=\"text-align: center;\"><iframe loading=\"lazy\" src=\"https:\/\/www.youtube.com\/embed\/AWvU1ZKu5Bc?rel=0\" width=\"560\" height=\"315\" frameborder=\"0\" allowfullscreen=\"allowfullscreen\"><\/iframe><\/p>\n<h2 style=\"text-align: center;\">Comment monter\/descendre les escaliers avec la proth\u00e8se de hanche ?<\/h2>\n<p style=\"text-align: center;\"><iframe loading=\"lazy\" title=\"comment descendre et monter les escaliers le lendemain de la proth\u00e8se de hanche ou du genou\" width=\"563\" height=\"1000\" src=\"https:\/\/www.youtube.com\/embed\/UfqnWspC5EA?feature=oembed\" frameborder=\"0\" allow=\"accelerometer; autoplay; clipboard-write; encrypted-media; gyroscope; picture-in-picture; web-share\" referrerpolicy=\"strict-origin-when-cross-origin\" allowfullscreen><\/iframe><\/p>\n<p style=\"text-align: center;\"><iframe loading=\"lazy\" src=\"https:\/\/www.youtube.com\/embed\/wv_qV7VnBGA?rel=0\" width=\"560\" height=\"315\" frameborder=\"0\" allowfullscreen=\"allowfullscreen\"><\/iframe><\/p>\n<h2><\/h2>\n<h2 style=\"text-align: center;\">Utilisation de la vessie de glace<\/h2>\n<p>La vessie de gla\u00e7e \u00ab\u00a0\u00e0 l&rsquo;antigel\u00a0\u00bb est le moyen le plus efficace pour soulager vos douleurs post op\u00e9ratoires, que vous ayez \u00e9t\u00e9 op\u00e9r\u00e9 de la hanche, du genou ou de l&rsquo;\u00e9paule.<\/p>\n<p style=\"text-align: center;\"><iframe loading=\"lazy\" src=\"https:\/\/www.youtube.com\/embed\/OYx-f3D8NOs?rel=0\" width=\"560\" height=\"315\" frameborder=\"0\" allowfullscreen=\"allowfullscreen\"><\/iframe><\/p>\n<h2 style=\"text-align: center;\">R\u00e9glage des b\u00e9quilles<\/h2>\n<p>Apprenez vous m\u00eame \u00e0 r\u00e9gler vos b\u00e9quilles !<\/p>\n<p style=\"text-align: center;\"><iframe loading=\"lazy\" src=\"https:\/\/www.youtube.com\/embed\/OvZaEtA_kE0?rel=0\" width=\"560\" height=\"315\" frameborder=\"0\" allowfullscreen=\"allowfullscreen\"><\/iframe><\/p>\n<h2 style=\"text-align: center;\">Monter et descendre de la voiture<\/h2>\n<p>Apprenez \u00e0 monter et descendre de votre voiture, sans aide, le jour m\u00eame de votre op\u00e9ration de la proth\u00e8se de hanche ou du genou ! Vous pouvez rentrer chez vous d\u00e8s le jour m\u00eame de l&rsquo;op\u00e9ration comme passager dans votre voiture personnelle.<\/p>\n<p style=\"text-align: center;\"><iframe loading=\"lazy\" src=\"https:\/\/www.youtube.com\/embed\/lTNOTkT2vcA?rel=0\" width=\"560\" height=\"315\" frameborder=\"0\" allowfullscreen=\"allowfullscreen\"><\/iframe><\/p>\n<h2 style=\"text-align: center;\"><\/h2>\n<p>&nbsp;<\/p>\n<p style=\"text-align: center;\"><iframe loading=\"lazy\" title=\"comment monter et descendre de sa voiture le lendemain de la proth\u00e8se de hanche ou du genou\" width=\"563\" height=\"1000\" src=\"https:\/\/www.youtube.com\/embed\/8On18f83pc0?feature=oembed\" frameborder=\"0\" allow=\"accelerometer; autoplay; clipboard-write; encrypted-media; gyroscope; picture-in-picture; web-share\" referrerpolicy=\"strict-origin-when-cross-origin\" allowfullscreen><\/iframe><\/p>\n<h2 style=\"text-align: center;\">\u00c9volution ondulatoire<\/h2>\n<p>L&rsquo;\u00e9volution est ondulatoire: chaque jour qui passe n&rsquo;est pas forc\u00e9ment mieux que le pr\u00e9c\u00e9dent; il faut se comparer d&rsquo;une semaine \u00e0 l&rsquo;autre et pas d&rsquo;un jour \u00e0 l&rsquo;autre.<\/p>\n<p style=\"text-align: center;\"><iframe loading=\"lazy\" title=\"YouTube video player\" src=\"https:\/\/www.youtube.com\/embed\/eP-mIK8lK_k\" width=\"560\" height=\"315\" frameborder=\"0\" allowfullscreen=\"allowfullscreen\"><\/iframe><\/p>\n<p style=\"text-align: right;\"><em>Dr Jean-Louis MALLET<\/em><\/p>\n<\/h3>\n","protected":false},"excerpt":{"rendered":"<p>Vid\u00e9o explicative principale Comment se lever du lit tout seul ? Comment bien marcher avec la proth\u00e8se de hanche ou du genou ? &nbsp; Comment monter\/descendre les escaliers avec la proth\u00e8se de hanche ? Utilisation de la vessie de glace La vessie de gla\u00e7e \u00ab\u00a0\u00e0 l&rsquo;antigel\u00a0\u00bb est le moyen le plus efficace pour soulager vos &#8230; <a title=\"\" class=\"read-more\" href=\"https:\/\/www.ortho-info.com\/?page_id=1018\" aria-label=\"En savoir plus sur \">Lire la suite<\/a><\/p>\n","protected":false},"author":1,"featured_media":0,"parent":0,"menu_order":0,"comment_status":"closed","ping_status":"closed","template":"","meta":{"footnotes":""},"class_list":["post-1018","page","type-page","status-publish"],"_links":{"self":[{"href":"https:\/\/www.ortho-info.com\/index.php?rest_route=\/wp\/v2\/pages\/1018","targetHints":{"allow":["GET"]}}],"collection":[{"href":"https:\/\/www.ortho-info.com\/index.php?rest_route=\/wp\/v2\/pages"}],"about":[{"href":"https:\/\/www.ortho-info.com\/index.php?rest_route=\/wp\/v2\/types\/page"}],"author":[{"embeddable":true,"href":"https:\/\/www.ortho-info.com\/index.php?rest_route=\/wp\/v2\/users\/1"}],"replies":[{"embeddable":true,"href":"https:\/\/www.ortho-info.com\/index.php?rest_route=%2Fwp%2Fv2%2Fcomments&post=1018"}],"version-history":[{"count":53,"href":"https:\/\/www.ortho-info.com\/index.php?rest_route=\/wp\/v2\/pages\/1018\/revisions"}],"predecessor-version":[{"id":1641,"href":"https:\/\/www.ortho-info.com\/index.php?rest_route=\/wp\/v2\/pages\/1018\/revisions\/1641"}],"wp:attachment":[{"href":"https:\/\/www.ortho-info.com\/index.php?rest_route=%2Fwp%2Fv2%2Fmedia&parent=1018"}],"curies":[{"name":"wp","href":"https:\/\/api.w.org\/{rel}","templated":true}]}}